{"id":6151,"date":"2024-12-30T12:51:02","date_gmt":"2024-12-30T11:51:02","guid":{"rendered":"https:\/\/ekkofleet.com\/optimisation-energetique\/"},"modified":"2025-04-29T23:49:15","modified_gmt":"2025-04-29T21:49:15","slug":"optimisation-energetique","status":"publish","type":"page","link":"https:\/\/ekkofleet.com\/fr\/optimisation-energetique\/","title":{"rendered":"Optimisation \u00e9nerg\u00e9tique"},"content":{"rendered":"\t\t<div data-elementor-type=\"wp-page\" data-elementor-id=\"6151\" class=\"elementor elementor-6151 elementor-2203\" data-elementor-post-type=\"page\">\n\t\t\t\t<div data-dce-background-color=\"#FAFAFA\" class=\"elementor-element elementor-element-df6c154 e-flex e-con-boxed e-con e-parent\" data-id=\"df6c154\" data-element_type=\"container\" data-e-type=\"container\" data-settings=\"{&quot;background_background&quot;:&quot;classic&quot;,&quot;sticky&quot;:&quot;top&quot;,&quot;sticky_on&quot;:[&quot;desktop&quot;,&quot;laptop&quot;,&quot;tablet&quot;,&quot;mobile&quot;],&quot;sticky_offset&quot;:0,&quot;sticky_effects_offset&quot;:0,&quot;sticky_anchor_link_offset&quot;:0}\">\n\t\t\t\t\t<div class=\"e-con-inner\">\n\t\t\t\t<div class=\"elementor-element elementor-element-9f3dd90 elementor-nav-menu__align-center elementor-nav-menu--dropdown-none elementor-widget elementor-widget-nav-menu\" data-id=\"9f3dd90\" data-element_type=\"widget\" data-e-type=\"widget\" id=\"custom-sticky-nav\" data-settings=\"{&quot;submenu_icon&quot;:{&quot;value&quot;:&quot;&lt;i aria-hidden=\\&quot;true\\&quot; class=\\&quot;\\&quot;&gt;&lt;\\\/i&gt;&quot;,&quot;library&quot;:&quot;&quot;},&quot;layout&quot;:&quot;horizontal&quot;}\" data-widget_type=\"nav-menu.default\">\n\t\t\t\t<div class=\"elementor-widget-container\">\n\t\t\t\t\t\t\t\t<nav aria-label=\"Menu\" class=\"elementor-nav-menu--main elementor-nav-menu__container elementor-nav-menu--layout-horizontal e--pointer-none\">\n\t\t\t\t<ul id=\"menu-1-9f3dd90\" class=\"elementor-nav-menu\"><li class=\"menu-item menu-item-type-post_type menu-item-object-page menu-item-1317\"><a href=\"https:\/\/ekkofleet.com\/fleet-tracking\/\" class=\"elementor-item\">Fleet Tracking<\/a><\/li>\n<li class=\"menu-item menu-item-type-post_type menu-item-object-page menu-item-1836\"><a href=\"https:\/\/ekkofleet.com\/vehicle-uptime\/\" class=\"elementor-item\">Vehicle Uptime<\/a><\/li>\n<li class=\"menu-item menu-item-type-post_type menu-item-object-page menu-item-1835\"><a href=\"https:\/\/ekkofleet.com\/ev-management\/\" class=\"elementor-item\">EV Management<\/a><\/li>\n<li class=\"menu-item menu-item-type-post_type menu-item-object-page menu-item-2027\"><a href=\"https:\/\/ekkofleet.com\/risk-management\/\" class=\"elementor-item\">Risk Management<\/a><\/li>\n<li class=\"menu-item menu-item-type-post_type menu-item-object-page menu-item-2205\"><a href=\"https:\/\/ekkofleet.com\/energy-optimisation\/\" class=\"elementor-item\">Energy Optimisation<\/a><\/li>\n<li class=\"menu-item menu-item-type-post_type menu-item-object-page menu-item-2321\"><a href=\"https:\/\/ekkofleet.com\/advanced-services\/\" class=\"elementor-item\">Advanced Services<\/a><\/li>\n<\/ul>\t\t\t<\/nav>\n\t\t\t\t\t\t<nav class=\"elementor-nav-menu--dropdown elementor-nav-menu__container\" aria-hidden=\"true\">\n\t\t\t\t<ul id=\"menu-2-9f3dd90\" class=\"elementor-nav-menu\"><li class=\"menu-item menu-item-type-post_type menu-item-object-page menu-item-1317\"><a href=\"https:\/\/ekkofleet.com\/fleet-tracking\/\" class=\"elementor-item\" tabindex=\"-1\">Fleet Tracking<\/a><\/li>\n<li class=\"menu-item menu-item-type-post_type menu-item-object-page menu-item-1836\"><a href=\"https:\/\/ekkofleet.com\/vehicle-uptime\/\" class=\"elementor-item\" tabindex=\"-1\">Vehicle Uptime<\/a><\/li>\n<li class=\"menu-item menu-item-type-post_type menu-item-object-page menu-item-1835\"><a href=\"https:\/\/ekkofleet.com\/ev-management\/\" class=\"elementor-item\" tabindex=\"-1\">EV Management<\/a><\/li>\n<li class=\"menu-item menu-item-type-post_type menu-item-object-page menu-item-2027\"><a href=\"https:\/\/ekkofleet.com\/risk-management\/\" class=\"elementor-item\" tabindex=\"-1\">Risk Management<\/a><\/li>\n<li class=\"menu-item menu-item-type-post_type menu-item-object-page menu-item-2205\"><a href=\"https:\/\/ekkofleet.com\/energy-optimisation\/\" class=\"elementor-item\" tabindex=\"-1\">Energy Optimisation<\/a><\/li>\n<li class=\"menu-item menu-item-type-post_type menu-item-object-page menu-item-2321\"><a href=\"https:\/\/ekkofleet.com\/advanced-services\/\" class=\"elementor-item\" tabindex=\"-1\">Advanced Services<\/a><\/li>\n<\/ul>\t\t\t<\/nav>\n\t\t\t\t\t\t<\/div>\n\t\t\t\t<\/div>\n\t\t\t\t\t<\/div>\n\t\t\t\t<\/div>\n\t\t<div class=\"elementor-element elementor-element-93a9eaf e-con-full desktop-video-wrapper elementor-hidden-mobile e-flex e-con e-parent\" data-id=\"93a9eaf\" data-element_type=\"container\" data-e-type=\"container\" data-settings=\"{&quot;sticky&quot;:&quot;top&quot;,&quot;sticky_on&quot;:[&quot;desktop&quot;,&quot;laptop&quot;],&quot;sticky_offset&quot;:0,&quot;sticky_effects_offset&quot;:0,&quot;sticky_anchor_link_offset&quot;:0}\">\n\t\t\t\t<div class=\"elementor-element elementor-element-87a5cc5 elementor-widget elementor-widget-video\" data-id=\"87a5cc5\" data-element_type=\"widget\" data-e-type=\"widget\" data-settings=\"{&quot;video_type&quot;:&quot;hosted&quot;,&quot;start&quot;:0,&quot;autoplay&quot;:&quot;yes&quot;,&quot;play_on_mobile&quot;:&quot;yes&quot;,&quot;mute&quot;:&quot;yes&quot;,&quot;loop&quot;:&quot;yes&quot;}\" data-widget_type=\"video.default\">\n\t\t\t\t<div class=\"elementor-widget-container\">\n\t\t\t\t\t\t\t<div class=\"e-hosted-video elementor-wrapper elementor-open-inline\">\n\t\t\t\t\t<video class=\"elementor-video\" src=\"https:\/\/ekkofleet.com\/wp-content\/uploads\/Energy-Optimisation-Desktop.mp4\" autoplay=\"\" loop=\"\" muted=\"muted\" playsinline=\"\" controlsList=\"nodownload\"><\/video>\n\t\t\t\t<\/div>\n\t\t\t\t\t\t<\/div>\n\t\t\t\t<\/div>\n\t\t\t\t<\/div>\n\t\t<div class=\"elementor-element elementor-element-8ce5de3 e-con-full mobile-video-wrapper elementor-hidden-desktop elementor-hidden-laptop elementor-hidden-tablet e-flex e-con e-parent\" data-id=\"8ce5de3\" data-element_type=\"container\" data-e-type=\"container\">\n\t\t\t\t<div class=\"elementor-element elementor-element-146f83b elementor-widget elementor-widget-video\" data-id=\"146f83b\" data-element_type=\"widget\" data-e-type=\"widget\" data-settings=\"{&quot;video_type&quot;:&quot;hosted&quot;,&quot;start&quot;:0,&quot;autoplay&quot;:&quot;yes&quot;,&quot;play_on_mobile&quot;:&quot;yes&quot;,&quot;mute&quot;:&quot;yes&quot;,&quot;loop&quot;:&quot;yes&quot;}\" data-widget_type=\"video.default\">\n\t\t\t\t<div class=\"elementor-widget-container\">\n\t\t\t\t\t\t\t<div class=\"e-hosted-video elementor-wrapper elementor-open-inline\">\n\t\t\t\t\t<video class=\"elementor-video\" src=\"https:\/\/ekkofleet.com\/wp-content\/uploads\/Energy-Optimisation-Mobile.mp4\" autoplay=\"\" loop=\"\" muted=\"muted\" playsinline=\"\" controlsList=\"nodownload\"><\/video>\n\t\t\t\t<\/div>\n\t\t\t\t\t\t<\/div>\n\t\t\t\t<\/div>\n\t\t\t\t<\/div>\n\t\t<div class=\"elementor-element elementor-element-8e04171 e-flex e-con-boxed e-con e-parent\" data-id=\"8e04171\" data-element_type=\"container\" data-e-type=\"container\" data-settings=\"{&quot;background_background&quot;:&quot;classic&quot;}\">\n\t\t\t\t\t<div class=\"e-con-inner\">\n\t\t<div class=\"elementor-element elementor-element-e511898 e-con-full e-flex e-con e-child\" data-id=\"e511898\" data-element_type=\"container\" data-e-type=\"container\">\n\t\t\t\t<div class=\"elementor-element elementor-element-fe74cf6 animated-slow elementor-invisible elementor-widget elementor-widget-heading\" data-id=\"fe74cf6\" data-element_type=\"widget\" data-e-type=\"widget\" data-settings=\"{&quot;_animation&quot;:&quot;fadeIn&quot;}\" data-widget_type=\"heading.default\">\n\t\t\t\t<div class=\"elementor-widget-container\">\n\t\t\t\t\t<h1 class=\"elementor-heading-title elementor-size-default\">optimisation \u00e9nerg\u00e9tique\n<\/h1>\t\t\t\t<\/div>\n\t\t\t\t<\/div>\n\t\t\t\t<div class=\"elementor-element elementor-element-1109e41 elementor-widget__width-initial elementor-invisible elementor-widget elementor-widget-text-editor\" data-id=\"1109e41\" data-element_type=\"widget\" data-e-type=\"widget\" data-settings=\"{&quot;_animation&quot;:&quot;fadeIn&quot;}\" data-widget_type=\"text-editor.default\">\n\t\t\t\t<div class=\"elementor-widget-container\">\n\t\t\t\t\t\t\t\t\tAm\u00e9liorez votre gestion de flotte gr\u00e2ce au suivi des donn\u00e9es\n\t\t\t\t\t\t\t\t<\/div>\n\t\t\t\t<\/div>\n\t\t\t\t<\/div>\n\t\t<div class=\"elementor-element elementor-element-950d604 e-con-full home-tab-item e-flex e-con e-child\" data-id=\"950d604\" data-element_type=\"container\" data-e-type=\"container\">\n\t\t<div class=\"elementor-element elementor-element-a2af1f8 e-con-full animated-slow e-flex elementor-invisible e-con e-child\" data-id=\"a2af1f8\" data-element_type=\"container\" data-e-type=\"container\" data-settings=\"{&quot;animation&quot;:&quot;fadeIn&quot;,&quot;motion_fx_motion_fx_scrolling&quot;:&quot;yes&quot;,&quot;motion_fx_translateY_effect&quot;:&quot;yes&quot;,&quot;motion_fx_translateY_speed&quot;:{&quot;unit&quot;:&quot;px&quot;,&quot;size&quot;:3,&quot;sizes&quot;:[]},&quot;motion_fx_translateY_affectedRange&quot;:{&quot;unit&quot;:&quot;%&quot;,&quot;size&quot;:&quot;&quot;,&quot;sizes&quot;:{&quot;start&quot;:32,&quot;end&quot;:67}},&quot;motion_fx_devices&quot;:[&quot;desktop&quot;,&quot;laptop&quot;]}\">\n\t\t\t\t<div class=\"elementor-element elementor-element-46e08ee elementor-widget elementor-widget-image\" data-id=\"46e08ee\" data-element_type=\"widget\" data-e-type=\"widget\" data-settings=\"{&quot;motion_fx_translateY_effect&quot;:&quot;yes&quot;,&quot;motion_fx_devices&quot;:[&quot;desktop&quot;,&quot;laptop&quot;],&quot;motion_fx_translateY_speed&quot;:{&quot;unit&quot;:&quot;px&quot;,&quot;size&quot;:2,&quot;sizes&quot;:[]},&quot;motion_fx_motion_fx_scrolling&quot;:&quot;yes&quot;,&quot;motion_fx_translateY_affectedRange&quot;:{&quot;unit&quot;:&quot;%&quot;,&quot;size&quot;:&quot;&quot;,&quot;sizes&quot;:{&quot;start&quot;:0,&quot;end&quot;:100}}}\" data-widget_type=\"image.default\">\n\t\t\t\t<div class=\"elementor-widget-container\">\n\t\t\t\t\t\t\t\t\t\t\t\t\t\t\t<img fetchpriority=\"high\" decoding=\"async\" width=\"197\" height=\"593\" src=\"https:\/\/ekkofleet.com\/wp-content\/uploads\/fuel-consumpton-reporting-left.svg\" class=\"attachment-large size-large wp-image-6156\" alt=\"\" \/>\t\t\t\t\t\t\t\t\t\t\t\t\t\t\t<\/div>\n\t\t\t\t<\/div>\n\t\t\t\t<div class=\"elementor-element elementor-element-cbbdbe9 elementor-widget elementor-widget-image\" data-id=\"cbbdbe9\" data-element_type=\"widget\" data-e-type=\"widget\" data-settings=\"{&quot;motion_fx_translateY_effect&quot;:&quot;yes&quot;,&quot;motion_fx_devices&quot;:[&quot;desktop&quot;,&quot;laptop&quot;],&quot;motion_fx_translateY_direction&quot;:&quot;negative&quot;,&quot;motion_fx_translateY_speed&quot;:{&quot;unit&quot;:&quot;px&quot;,&quot;size&quot;:2,&quot;sizes&quot;:[]},&quot;motion_fx_translateY_affectedRange&quot;:{&quot;unit&quot;:&quot;%&quot;,&quot;size&quot;:&quot;&quot;,&quot;sizes&quot;:{&quot;start&quot;:0,&quot;end&quot;:54}},&quot;motion_fx_motion_fx_scrolling&quot;:&quot;yes&quot;}\" data-widget_type=\"image.default\">\n\t\t\t\t<div class=\"elementor-widget-container\">\n\t\t\t\t\t\t\t\t\t\t\t\t\t\t\t<img decoding=\"async\" width=\"223\" height=\"603\" src=\"https:\/\/ekkofleet.com\/wp-content\/uploads\/fuel-consumpton-reporting-right.svg\" class=\"attachment-large size-large wp-image-6157\" alt=\"\" \/>\t\t\t\t\t\t\t\t\t\t\t\t\t\t\t<\/div>\n\t\t\t\t<\/div>\n\t\t\t\t<\/div>\n\t\t<div class=\"elementor-element elementor-element-a3c7968 e-con-full e-flex e-con e-child\" data-id=\"a3c7968\" data-element_type=\"container\" data-e-type=\"container\">\n\t\t\t\t<div class=\"elementor-element elementor-element-03229e0 animated-slow elementor-invisible elementor-widget elementor-widget-text-editor\" data-id=\"03229e0\" data-element_type=\"widget\" data-e-type=\"widget\" data-settings=\"{&quot;_animation&quot;:&quot;fadeIn&quot;}\" data-widget_type=\"text-editor.default\">\n\t\t\t\t<div class=\"elementor-widget-container\">\n\t\t\t\t\t\t\t\t\t<p>GESTION EFFICACE DU CARBURANT<\/p>\t\t\t\t\t\t\t\t<\/div>\n\t\t\t\t<\/div>\n\t\t\t\t<div class=\"elementor-element elementor-element-2f6a5af animated-slow elementor-widget-tablet__width-initial elementor-invisible elementor-widget elementor-widget-heading\" data-id=\"2f6a5af\" data-element_type=\"widget\" data-e-type=\"widget\" data-settings=\"{&quot;_animation&quot;:&quot;fadeIn&quot;}\" data-widget_type=\"heading.default\">\n\t\t\t\t<div class=\"elementor-widget-container\">\n\t\t\t\t\t<h2 class=\"elementor-heading-title elementor-size-default\">Un rapport pr\u00e9cis et fiable sur <span class=\"highlight-blue\">la consommation de carburant est r\u00e9volutionnaire<\/span><\/h2>\t\t\t\t<\/div>\n\t\t\t\t<\/div>\n\t\t\t\t<div class=\"elementor-element elementor-element-7e72232 animated-slow medium-text-wrap elementor-widget__width-initial elementor-invisible elementor-widget elementor-widget-text-editor\" data-id=\"7e72232\" data-element_type=\"widget\" data-e-type=\"widget\" data-settings=\"{&quot;_animation&quot;:&quot;fadeIn&quot;}\" data-widget_type=\"text-editor.default\">\n\t\t\t\t<div class=\"elementor-widget-container\">\n\t\t\t\t\t\t\t\t\tConnaissez exactement et pour chaque v\u00e9hicule, la consommation de carburant, l&rsquo;efficacit\u00e9 par rapport aux sp\u00e9cifications du constructeur et la r\u00e9partition par cat\u00e9gories de routes.\t\t\t\t\t\t\t\t<\/div>\n\t\t\t\t<\/div>\n\t\t\t\t<\/div>\n\t\t\t\t<\/div>\n\t\t\t\t\t<\/div>\n\t\t\t\t<\/div>\n\t\t<div class=\"elementor-element elementor-element-48d6eb9 e-flex e-con-boxed e-con e-parent\" data-id=\"48d6eb9\" data-element_type=\"container\" data-e-type=\"container\" data-settings=\"{&quot;background_background&quot;:&quot;classic&quot;}\">\n\t\t\t\t\t<div class=\"e-con-inner\">\n\t\t<div class=\"elementor-element elementor-element-449e515 e-con-full home-tab-item e-flex e-con e-child\" data-id=\"449e515\" data-element_type=\"container\" data-e-type=\"container\">\n\t\t<div class=\"elementor-element elementor-element-4793eac e-con-full e-flex e-con e-child\" data-id=\"4793eac\" data-element_type=\"container\" data-e-type=\"container\">\n\t\t\t\t<div class=\"elementor-element elementor-element-90cc207 animated-slow elementor-invisible elementor-widget elementor-widget-heading\" data-id=\"90cc207\" data-element_type=\"widget\" data-e-type=\"widget\" data-settings=\"{&quot;_animation&quot;:&quot;fadeIn&quot;}\" data-widget_type=\"heading.default\">\n\t\t\t\t<div class=\"elementor-widget-container\">\n\t\t\t\t\t<h3 class=\"elementor-heading-title elementor-size-default\"><span class=\"highlight-blue\">\u00c9tat de charge de la batterie :<br> <\/span>Surveillance et maximisation de l'efficacit\u00e9 des v\u00e9hicules \u00e9lectriques<\/h3>\t\t\t\t<\/div>\n\t\t\t\t<\/div>\n\t\t\t\t<div class=\"elementor-element elementor-element-0ae927b animated-slow elementor-invisible elementor-widget elementor-widget-text-editor\" data-id=\"0ae927b\" data-element_type=\"widget\" data-e-type=\"widget\" data-settings=\"{&quot;_animation&quot;:&quot;fadeIn&quot;}\" data-widget_type=\"text-editor.default\">\n\t\t\t\t<div class=\"elementor-widget-container\">\n\t\t\t\t\t\t\t\t\tSurveillez \u00e9troitement la charge et la recharge de la batterie des v\u00e9hicules \u00e9lectriques pour des performances optimales. Les strat\u00e9gies de charge ont un impact significatif sur l&rsquo;efficacit\u00e9 et l&rsquo;autonomie et peuvent \u00eatre suivies avec pr\u00e9cision. Planifiez efficacement les trajets et prenez des d\u00e9cisions de conduite \u00e9clair\u00e9es en tenant compte de la strat\u00e9gie d&rsquo;utilisation de la batterie.  \t\t\t\t\t\t\t\t<\/div>\n\t\t\t\t<\/div>\n\t\t\t\t<\/div>\n\t\t<div class=\"elementor-element elementor-element-cc1ceb8 e-con-full animated-slow e-flex elementor-invisible e-con e-child\" data-id=\"cc1ceb8\" data-element_type=\"container\" data-e-type=\"container\" data-settings=\"{&quot;animation&quot;:&quot;fadeIn&quot;,&quot;motion_fx_motion_fx_scrolling&quot;:&quot;yes&quot;,&quot;motion_fx_translateY_effect&quot;:&quot;yes&quot;,&quot;motion_fx_translateY_speed&quot;:{&quot;unit&quot;:&quot;px&quot;,&quot;size&quot;:3,&quot;sizes&quot;:[]},&quot;motion_fx_translateY_affectedRange&quot;:{&quot;unit&quot;:&quot;%&quot;,&quot;size&quot;:&quot;&quot;,&quot;sizes&quot;:{&quot;start&quot;:32,&quot;end&quot;:67}},&quot;motion_fx_devices&quot;:[&quot;desktop&quot;,&quot;laptop&quot;]}\">\n\t\t\t\t<div class=\"elementor-element elementor-element-ea053ac elementor-widget elementor-widget-image\" data-id=\"ea053ac\" data-element_type=\"widget\" data-e-type=\"widget\" data-widget_type=\"image.default\">\n\t\t\t\t<div class=\"elementor-widget-container\">\n\t\t\t\t\t\t\t\t\t\t\t\t\t\t\t<img decoding=\"async\" width=\"445\" height=\"224\" src=\"https:\/\/ekkofleet.com\/wp-content\/uploads\/Battery-State-of-Charge.svg\" class=\"attachment-large size-large wp-image-6158\" alt=\"\" \/>\t\t\t\t\t\t\t\t\t\t\t\t\t\t\t<\/div>\n\t\t\t\t<\/div>\n\t\t\t\t<\/div>\n\t\t\t\t<\/div>\n\t\t\t\t\t<\/div>\n\t\t\t\t<\/div>\n\t\t<div class=\"elementor-element elementor-element-f122e33 e-flex e-con-boxed e-con e-parent\" data-id=\"f122e33\" data-element_type=\"container\" data-e-type=\"container\" data-settings=\"{&quot;background_background&quot;:&quot;classic&quot;}\">\n\t\t\t\t\t<div class=\"e-con-inner\">\n\t\t<div class=\"elementor-element elementor-element-4bed47c e-con-full home-tab-item e-flex e-con e-child\" data-id=\"4bed47c\" data-element_type=\"container\" data-e-type=\"container\">\n\t\t<div class=\"elementor-element elementor-element-c1a84d6 e-con-full animated-slow e-flex elementor-invisible e-con e-child\" data-id=\"c1a84d6\" data-element_type=\"container\" data-e-type=\"container\" data-settings=\"{&quot;animation&quot;:&quot;fadeIn&quot;,&quot;motion_fx_motion_fx_scrolling&quot;:&quot;yes&quot;,&quot;motion_fx_translateY_effect&quot;:&quot;yes&quot;,&quot;motion_fx_translateY_speed&quot;:{&quot;unit&quot;:&quot;px&quot;,&quot;size&quot;:3,&quot;sizes&quot;:[]},&quot;motion_fx_translateY_affectedRange&quot;:{&quot;unit&quot;:&quot;%&quot;,&quot;size&quot;:&quot;&quot;,&quot;sizes&quot;:{&quot;start&quot;:32,&quot;end&quot;:67}},&quot;motion_fx_devices&quot;:[&quot;desktop&quot;,&quot;laptop&quot;]}\">\n\t\t\t\t<div class=\"elementor-element elementor-element-7790b2e animated-slow elementor-invisible elementor-widget elementor-widget-text-editor\" data-id=\"7790b2e\" data-element_type=\"widget\" data-e-type=\"widget\" data-settings=\"{&quot;_animation&quot;:&quot;fadeIn&quot;}\" data-widget_type=\"text-editor.default\">\n\t\t\t\t<div class=\"elementor-widget-container\">\n\t\t\t\t\t\t\t\t\t<p><strong>\u00c9MISSIONS DE CO2 \u00c9CONOMIS\u00c9ES<\/strong><\/p>\t\t\t\t\t\t\t\t<\/div>\n\t\t\t\t<\/div>\n\t\t\t\t<div class=\"elementor-element elementor-element-4b2bfdc elementor-widget elementor-widget-image\" data-id=\"4b2bfdc\" data-element_type=\"widget\" data-e-type=\"widget\" data-widget_type=\"image.default\">\n\t\t\t\t<div class=\"elementor-widget-container\">\n\t\t\t\t\t\t\t\t\t\t\t\t\t\t\t<img loading=\"lazy\" decoding=\"async\" width=\"436\" height=\"255\" src=\"https:\/\/ekkofleet.com\/wp-content\/uploads\/C02-Emissions-saved.svg\" class=\"attachment-large size-large wp-image-6159\" alt=\"\" \/>\t\t\t\t\t\t\t\t\t\t\t\t\t\t\t<\/div>\n\t\t\t\t<\/div>\n\t\t\t\t<\/div>\n\t\t<div class=\"elementor-element elementor-element-61b789b e-con-full e-flex e-con e-child\" data-id=\"61b789b\" data-element_type=\"container\" data-e-type=\"container\">\n\t\t\t\t<div class=\"elementor-element elementor-element-beab2b5 elementor-widget elementor-widget-image\" data-id=\"beab2b5\" data-element_type=\"widget\" data-e-type=\"widget\" data-widget_type=\"image.default\">\n\t\t\t\t<div class=\"elementor-widget-container\">\n\t\t\t\t\t\t\t\t\t\t\t\t\t\t\t<img loading=\"lazy\" decoding=\"async\" width=\"104\" height=\"67\" src=\"https:\/\/ekkofleet.com\/wp-content\/uploads\/Eco-Score-2.svg\" class=\"attachment-large size-large wp-image-7111\" alt=\"\" \/>\t\t\t\t\t\t\t\t\t\t\t\t\t\t\t<\/div>\n\t\t\t\t<\/div>\n\t\t\t\t<div class=\"elementor-element elementor-element-1a7be46 animated-slow elementor-invisible elementor-widget elementor-widget-heading\" data-id=\"1a7be46\" data-element_type=\"widget\" data-e-type=\"widget\" data-settings=\"{&quot;_animation&quot;:&quot;fadeIn&quot;}\" data-widget_type=\"heading.default\">\n\t\t\t\t<div class=\"elementor-widget-container\">\n\t\t\t\t\t<h3 class=\"elementor-heading-title elementor-size-default\">\u00c9co-score avec \u00e9v\u00e9nements associ\u00e9s (ralenti, surveillance du r\u00e9gime moteur)<\/h3>\t\t\t\t<\/div>\n\t\t\t\t<\/div>\n\t\t\t\t<div class=\"elementor-element elementor-element-6b566e2 animated-slow elementor-invisible elementor-widget elementor-widget-text-editor\" data-id=\"6b566e2\" data-element_type=\"widget\" data-e-type=\"widget\" data-settings=\"{&quot;_animation&quot;:&quot;fadeIn&quot;}\" data-widget_type=\"text-editor.default\">\n\t\t\t\t<div class=\"elementor-widget-container\">\n\t\t\t\t\t\t\t\t\t<p>Fixez des objectifs de r\u00e9duction et disposez d&rsquo;un excellent outil pour suivre les am\u00e9liorations.<\/p>\t\t\t\t\t\t\t\t<\/div>\n\t\t\t\t<\/div>\n\t\t\t\t<\/div>\n\t\t\t\t<\/div>\n\t\t\t\t\t<\/div>\n\t\t\t\t<\/div>\n\t\t\t\t<\/div>\n\t\t","protected":false},"excerpt":{"rendered":"<p>https:\/\/ekkofleet.com\/wp-content\/uploads\/Energy-Optimisation-Desktop.mp4https:\/\/ekkofleet.com\/wp-content\/uploads\/Energy-Optimisation-Mobile.mp4 optimisation \u00e9nerg\u00e9tique Am\u00e9liorez votre gestion de flotte gr\u00e2ce au suivi des donn\u00e9es GESTION EFFICACE DU CARBURANT Un rapport pr\u00e9cis et fiable sur la consommation de carburant est r\u00e9volutionnaire Connaissez exactement et pour chaque v\u00e9hicule, la consommation de carburant, l&rsquo;efficacit\u00e9 par rapport aux sp\u00e9cifications du constructeur et la r\u00e9partition par cat\u00e9gories de routes. \u00c9tat de [&hellip;]<\/p>\n","protected":false},"author":7,"featured_media":0,"parent":0,"menu_order":0,"comment_status":"closed","ping_status":"closed","template":"","meta":{"_acf_changed":false,"footnotes":""},"class_list":["post-6151","page","type-page","status-publish","hentry"],"acf":[],"_links":{"self":[{"href":"https:\/\/ekkofleet.com\/fr\/wp-json\/wp\/v2\/pages\/6151","targetHints":{"allow":["GET"]}}],"collection":[{"href":"https:\/\/ekkofleet.com\/fr\/wp-json\/wp\/v2\/pages"}],"about":[{"href":"https:\/\/ekkofleet.com\/fr\/wp-json\/wp\/v2\/types\/page"}],"author":[{"embeddable":true,"href":"https:\/\/ekkofleet.com\/fr\/wp-json\/wp\/v2\/users\/7"}],"replies":[{"embeddable":true,"href":"https:\/\/ekkofleet.com\/fr\/wp-json\/wp\/v2\/comments?post=6151"}],"version-history":[{"count":1,"href":"https:\/\/ekkofleet.com\/fr\/wp-json\/wp\/v2\/pages\/6151\/revisions"}],"predecessor-version":[{"id":6160,"href":"https:\/\/ekkofleet.com\/fr\/wp-json\/wp\/v2\/pages\/6151\/revisions\/6160"}],"wp:attachment":[{"href":"https:\/\/ekkofleet.com\/fr\/wp-json\/wp\/v2\/media?parent=6151"}],"curies":[{"name":"wp","href":"https:\/\/api.w.org\/{rel}","templated":true}]}}