{"id":6129,"date":"2024-12-31T00:52:12","date_gmt":"2024-12-30T23:52:12","guid":{"rendered":"https:\/\/ekkofleet.com\/reservez-une-demonstration-avec-nos-experts\/"},"modified":"2025-04-29T23:49:54","modified_gmt":"2025-04-29T21:49:54","slug":"reservez-une-demonstration-avec-nos-experts","status":"publish","type":"page","link":"https:\/\/ekkofleet.com\/fr\/reservez-une-demonstration-avec-nos-experts\/","title":{"rendered":"R\u00e9servez une d\u00e9monstration avec nos experts"},"content":{"rendered":"\t\t<div data-elementor-type=\"wp-page\" data-elementor-id=\"6129\" class=\"elementor elementor-6129 elementor-2798\" data-elementor-post-type=\"page\">\n\t\t\t\t<div data-dce-background-color=\"#FFFFFF\" class=\"elementor-element elementor-element-4138cca e-flex e-con-boxed e-con e-parent\" data-id=\"4138cca\" data-element_type=\"container\" data-e-type=\"container\" data-settings=\"{&quot;background_background&quot;:&quot;video&quot;,&quot;background_play_on_mobile&quot;:&quot;yes&quot;}\">\n\t\t\t\t\t<div class=\"e-con-inner\">\n\t\t<div class=\"elementor-element elementor-element-623aafb e-con-full e-flex e-con e-child\" data-id=\"623aafb\" data-element_type=\"container\" data-e-type=\"container\" data-settings=\"{&quot;sticky&quot;:&quot;top&quot;,&quot;sticky_on&quot;:[&quot;desktop&quot;,&quot;laptop&quot;],&quot;sticky_offset&quot;:150,&quot;sticky_offset_laptop&quot;:175,&quot;sticky_parent&quot;:&quot;yes&quot;,&quot;sticky_effects_offset&quot;:0,&quot;sticky_anchor_link_offset&quot;:0}\">\n\t\t\t\t<div data-dce-text-color=\"#FFFFFF\" class=\"elementor-element elementor-element-ad19f85 animated-slow elementor-invisible elementor-widget elementor-widget-text-editor\" data-id=\"ad19f85\" data-element_type=\"widget\" data-e-type=\"widget\" data-settings=\"{&quot;_animation&quot;:&quot;fadeIn&quot;}\" data-widget_type=\"text-editor.default\">\n\t\t\t\t<div class=\"elementor-widget-container\">\n\t\t\t\t\t\t\t\t\t<p>R\u00c9SERVEZ UNE D\u00c9MONSTRATION AVEC NOS EXPERTS<\/p>\t\t\t\t\t\t\t\t<\/div>\n\t\t\t\t<\/div>\n\t\t\t\t<div data-dce-title-color=\"#FFFFFF\" class=\"elementor-element elementor-element-012afcf animated-slow elementor-widget__width-initial elementor-invisible elementor-widget elementor-widget-heading\" data-id=\"012afcf\" data-element_type=\"widget\" data-e-type=\"widget\" data-settings=\"{&quot;_animation&quot;:&quot;fadeIn&quot;}\" data-widget_type=\"heading.default\">\n\t\t\t\t<div class=\"elementor-widget-container\">\n\t\t\t\t\t<h1 class=\"elementor-heading-title elementor-size-default\">D\u00e9couvrez les fonctionnalit\u00e9s et services d'<span class=\"highlight-blue\">EKKOFLEET<\/h1>\t\t\t\t<\/div>\n\t\t\t\t<\/div>\n\t\t\t\t<div data-dce-text-color=\"#FFFFFF\" class=\"elementor-element elementor-element-3604d10 animated-slow elementor-widget-tablet__width-initial elementor-widget__width-initial elementor-invisible elementor-widget elementor-widget-text-editor\" data-id=\"3604d10\" data-element_type=\"widget\" data-e-type=\"widget\" data-settings=\"{&quot;_animation&quot;:&quot;fadeIn&quot;}\" data-widget_type=\"text-editor.default\">\n\t\t\t\t<div class=\"elementor-widget-container\">\n\t\t\t\t\t\t\t\t\tD\u00e9couvrez nos solutions innovantes en r\u00e9servant une d\u00e9monstration aujourd&rsquo;hui. Constatez par vous-m\u00eame comment notre plateforme avanc\u00e9e r\u00e9volutionne la conformit\u00e9, la s\u00e9curit\u00e9, la performance et l&rsquo;efficacit\u00e9. \t\t\t\t\t\t\t\t<\/div>\n\t\t\t\t<\/div>\n\t\t\t\t<\/div>\n\t\t<div class=\"elementor-element elementor-element-1c7f946 e-con-full e-flex e-con e-child\" data-id=\"1c7f946\" data-element_type=\"container\" data-e-type=\"container\">\n\t\t\t\t<div class=\"elementor-element elementor-element-499d4d6 elementor-widget__width-inherit elementor-widget elementor-widget-html\" data-id=\"499d4d6\" data-element_type=\"widget\" data-e-type=\"widget\" data-widget_type=\"html.default\">\n\t\t\t\t<div class=\"elementor-widget-container\">\n\t\t\t\t\t<div class=\"calendly-inline-widget\" data-url=\"https:\/\/calendly.com\/david-rozenblum-munic\/30min?primary_color=3abff0\" style=\"min-width: 320px; height: 700px;\"><\/div>\n\n<script type=\"text\/javascript\" src=\"https:\/\/assets.calendly.com\/assets\/external\/widget.js\" async=\"\"><\/script>\t\t\t\t<\/div>\n\t\t\t\t<\/div>\n\t\t\t\t<\/div>\n\t\t\t\t\t<\/div>\n\t\t\t\t<\/div>\n\t\t\t\t<\/div>\n\t\t","protected":false},"excerpt":{"rendered":"<p>R\u00c9SERVEZ UNE D\u00c9MONSTRATION AVEC NOS EXPERTS D\u00e9couvrez les fonctionnalit\u00e9s et services d&rsquo;EKKOFLEET D\u00e9couvrez nos solutions innovantes en r\u00e9servant une d\u00e9monstration aujourd&rsquo;hui. Constatez par vous-m\u00eame comment notre plateforme avanc\u00e9e r\u00e9volutionne la conformit\u00e9, la s\u00e9curit\u00e9, la performance et l&rsquo;efficacit\u00e9.<\/p>\n","protected":false},"author":7,"featured_media":0,"parent":0,"menu_order":0,"comment_status":"closed","ping_status":"closed","template":"","meta":{"_acf_changed":false,"footnotes":""},"class_list":["post-6129","page","type-page","status-publish","hentry"],"acf":[],"_links":{"self":[{"href":"https:\/\/ekkofleet.com\/fr\/wp-json\/wp\/v2\/pages\/6129","targetHints":{"allow":["GET"]}}],"collection":[{"href":"https:\/\/ekkofleet.com\/fr\/wp-json\/wp\/v2\/pages"}],"about":[{"href":"https:\/\/ekkofleet.com\/fr\/wp-json\/wp\/v2\/types\/page"}],"author":[{"embeddable":true,"href":"https:\/\/ekkofleet.com\/fr\/wp-json\/wp\/v2\/users\/7"}],"replies":[{"embeddable":true,"href":"https:\/\/ekkofleet.com\/fr\/wp-json\/wp\/v2\/comments?post=6129"}],"version-history":[{"count":1,"href":"https:\/\/ekkofleet.com\/fr\/wp-json\/wp\/v2\/pages\/6129\/revisions"}],"predecessor-version":[{"id":6138,"href":"https:\/\/ekkofleet.com\/fr\/wp-json\/wp\/v2\/pages\/6129\/revisions\/6138"}],"wp:attachment":[{"href":"https:\/\/ekkofleet.com\/fr\/wp-json\/wp\/v2\/media?parent=6129"}],"curies":[{"name":"wp","href":"https:\/\/api.w.org\/{rel}","templated":true}]}}