{"id":6655,"date":"2024-12-29T22:47:54","date_gmt":"2024-12-29T21:47:54","guid":{"rendered":"https:\/\/ekkofleet.com\/fahrzeugverfuegbarkeit\/"},"modified":"2025-04-29T23:49:10","modified_gmt":"2025-04-29T21:49:10","slug":"fahrzeugverfuegbarkeit","status":"publish","type":"page","link":"https:\/\/ekkofleet.com\/de\/fahrzeugverfuegbarkeit\/","title":{"rendered":"Fahrzeugverf\u00fcgbarkeit"},"content":{"rendered":"\t\t<div data-elementor-type=\"wp-page\" data-elementor-id=\"6655\" class=\"elementor elementor-6655 elementor-1707\" data-elementor-post-type=\"page\">\n\t\t\t\t<div data-dce-background-color=\"#FAFAFA\" class=\"elementor-element elementor-element-df6c154 e-flex e-con-boxed e-con e-parent\" data-id=\"df6c154\" data-element_type=\"container\" data-e-type=\"container\" data-settings=\"{&quot;background_background&quot;:&quot;classic&quot;,&quot;sticky&quot;:&quot;top&quot;,&quot;sticky_on&quot;:[&quot;desktop&quot;,&quot;laptop&quot;,&quot;tablet&quot;,&quot;mobile&quot;],&quot;sticky_offset&quot;:0,&quot;sticky_effects_offset&quot;:0,&quot;sticky_anchor_link_offset&quot;:0}\">\n\t\t\t\t\t<div class=\"e-con-inner\">\n\t\t\t\t<div class=\"elementor-element elementor-element-9f3dd90 elementor-nav-menu__align-center elementor-nav-menu--dropdown-none elementor-widget elementor-widget-nav-menu\" data-id=\"9f3dd90\" data-element_type=\"widget\" data-e-type=\"widget\" id=\"custom-sticky-nav\" data-settings=\"{&quot;submenu_icon&quot;:{&quot;value&quot;:&quot;&lt;i aria-hidden=\\&quot;true\\&quot; class=\\&quot;\\&quot;&gt;&lt;\\\/i&gt;&quot;,&quot;library&quot;:&quot;&quot;},&quot;layout&quot;:&quot;horizontal&quot;}\" data-widget_type=\"nav-menu.default\">\n\t\t\t\t<div class=\"elementor-widget-container\">\n\t\t\t\t\t\t\t\t<nav aria-label=\"Menu\" class=\"elementor-nav-menu--main elementor-nav-menu__container elementor-nav-menu--layout-horizontal e--pointer-none\">\n\t\t\t\t<ul id=\"menu-1-9f3dd90\" class=\"elementor-nav-menu\"><li class=\"menu-item menu-item-type-post_type menu-item-object-page menu-item-1317\"><a href=\"https:\/\/ekkofleet.com\/fleet-tracking\/\" class=\"elementor-item\">Fleet Tracking<\/a><\/li>\n<li class=\"menu-item menu-item-type-post_type menu-item-object-page menu-item-1836\"><a href=\"https:\/\/ekkofleet.com\/vehicle-uptime\/\" class=\"elementor-item\">Vehicle Uptime<\/a><\/li>\n<li class=\"menu-item menu-item-type-post_type menu-item-object-page menu-item-1835\"><a href=\"https:\/\/ekkofleet.com\/ev-management\/\" class=\"elementor-item\">EV Management<\/a><\/li>\n<li class=\"menu-item menu-item-type-post_type menu-item-object-page menu-item-2027\"><a href=\"https:\/\/ekkofleet.com\/risk-management\/\" class=\"elementor-item\">Risk Management<\/a><\/li>\n<li class=\"menu-item menu-item-type-post_type menu-item-object-page menu-item-2205\"><a href=\"https:\/\/ekkofleet.com\/energy-optimisation\/\" class=\"elementor-item\">Energy Optimisation<\/a><\/li>\n<li class=\"menu-item menu-item-type-post_type menu-item-object-page menu-item-2321\"><a href=\"https:\/\/ekkofleet.com\/advanced-services\/\" class=\"elementor-item\">Advanced Services<\/a><\/li>\n<\/ul>\t\t\t<\/nav>\n\t\t\t\t\t\t<nav class=\"elementor-nav-menu--dropdown elementor-nav-menu__container\" aria-hidden=\"true\">\n\t\t\t\t<ul id=\"menu-2-9f3dd90\" class=\"elementor-nav-menu\"><li class=\"menu-item menu-item-type-post_type menu-item-object-page menu-item-1317\"><a href=\"https:\/\/ekkofleet.com\/fleet-tracking\/\" class=\"elementor-item\" tabindex=\"-1\">Fleet Tracking<\/a><\/li>\n<li class=\"menu-item menu-item-type-post_type menu-item-object-page menu-item-1836\"><a href=\"https:\/\/ekkofleet.com\/vehicle-uptime\/\" class=\"elementor-item\" tabindex=\"-1\">Vehicle Uptime<\/a><\/li>\n<li class=\"menu-item menu-item-type-post_type menu-item-object-page menu-item-1835\"><a href=\"https:\/\/ekkofleet.com\/ev-management\/\" class=\"elementor-item\" tabindex=\"-1\">EV Management<\/a><\/li>\n<li class=\"menu-item menu-item-type-post_type menu-item-object-page menu-item-2027\"><a href=\"https:\/\/ekkofleet.com\/risk-management\/\" class=\"elementor-item\" tabindex=\"-1\">Risk Management<\/a><\/li>\n<li class=\"menu-item menu-item-type-post_type menu-item-object-page menu-item-2205\"><a href=\"https:\/\/ekkofleet.com\/energy-optimisation\/\" class=\"elementor-item\" tabindex=\"-1\">Energy Optimisation<\/a><\/li>\n<li class=\"menu-item menu-item-type-post_type menu-item-object-page menu-item-2321\"><a href=\"https:\/\/ekkofleet.com\/advanced-services\/\" class=\"elementor-item\" tabindex=\"-1\">Advanced Services<\/a><\/li>\n<\/ul>\t\t\t<\/nav>\n\t\t\t\t\t\t<\/div>\n\t\t\t\t<\/div>\n\t\t\t\t\t<\/div>\n\t\t\t\t<\/div>\n\t\t<div class=\"elementor-element elementor-element-93a9eaf e-con-full desktop-video-wrapper elementor-hidden-mobile e-flex e-con e-parent\" data-id=\"93a9eaf\" data-element_type=\"container\" data-e-type=\"container\" data-settings=\"{&quot;sticky&quot;:&quot;top&quot;,&quot;sticky_on&quot;:[&quot;desktop&quot;,&quot;laptop&quot;],&quot;sticky_offset&quot;:0,&quot;sticky_effects_offset&quot;:0,&quot;sticky_anchor_link_offset&quot;:0}\">\n\t\t\t\t<div class=\"elementor-element elementor-element-87a5cc5 elementor-widget elementor-widget-video\" data-id=\"87a5cc5\" data-element_type=\"widget\" data-e-type=\"widget\" data-settings=\"{&quot;video_type&quot;:&quot;hosted&quot;,&quot;start&quot;:0,&quot;autoplay&quot;:&quot;yes&quot;,&quot;play_on_mobile&quot;:&quot;yes&quot;,&quot;mute&quot;:&quot;yes&quot;,&quot;loop&quot;:&quot;yes&quot;}\" data-widget_type=\"video.default\">\n\t\t\t\t<div class=\"elementor-widget-container\">\n\t\t\t\t\t\t\t<div class=\"e-hosted-video elementor-wrapper elementor-open-inline\">\n\t\t\t\t\t<video class=\"elementor-video\" src=\"https:\/\/ekkofleet.com\/wp-content\/uploads\/VEHICLE-HEALTH-Desktop.mp4\" autoplay=\"\" loop=\"\" muted=\"muted\" playsinline=\"\" controlsList=\"nodownload\"><\/video>\n\t\t\t\t<\/div>\n\t\t\t\t\t\t<\/div>\n\t\t\t\t<\/div>\n\t\t\t\t<\/div>\n\t\t<div class=\"elementor-element elementor-element-8ce5de3 e-con-full mobile-video-wrapper elementor-hidden-desktop elementor-hidden-laptop elementor-hidden-tablet e-flex e-con e-parent\" data-id=\"8ce5de3\" data-element_type=\"container\" data-e-type=\"container\">\n\t\t\t\t<div class=\"elementor-element elementor-element-146f83b elementor-widget elementor-widget-video\" data-id=\"146f83b\" data-element_type=\"widget\" data-e-type=\"widget\" data-settings=\"{&quot;video_type&quot;:&quot;hosted&quot;,&quot;start&quot;:0,&quot;autoplay&quot;:&quot;yes&quot;,&quot;play_on_mobile&quot;:&quot;yes&quot;,&quot;mute&quot;:&quot;yes&quot;,&quot;loop&quot;:&quot;yes&quot;}\" data-widget_type=\"video.default\">\n\t\t\t\t<div class=\"elementor-widget-container\">\n\t\t\t\t\t\t\t<div class=\"e-hosted-video elementor-wrapper elementor-open-inline\">\n\t\t\t\t\t<video class=\"elementor-video\" src=\"https:\/\/ekkofleet.com\/wp-content\/uploads\/VEHICLE-HEALTH-Mobile.mp4\" autoplay=\"\" loop=\"\" muted=\"muted\" playsinline=\"\" controlsList=\"nodownload\"><\/video>\n\t\t\t\t<\/div>\n\t\t\t\t\t\t<\/div>\n\t\t\t\t<\/div>\n\t\t\t\t<\/div>\n\t\t<div class=\"elementor-element elementor-element-8e04171 e-flex e-con-boxed e-con e-parent\" data-id=\"8e04171\" data-element_type=\"container\" data-e-type=\"container\" data-settings=\"{&quot;background_background&quot;:&quot;classic&quot;}\">\n\t\t\t\t\t<div class=\"e-con-inner\">\n\t\t<div class=\"elementor-element elementor-element-e511898 e-con-full e-flex e-con e-child\" data-id=\"e511898\" data-element_type=\"container\" data-e-type=\"container\">\n\t\t\t\t<div class=\"elementor-element elementor-element-fe74cf6 animated-slow elementor-invisible elementor-widget elementor-widget-heading\" data-id=\"fe74cf6\" data-element_type=\"widget\" data-e-type=\"widget\" data-settings=\"{&quot;_animation&quot;:&quot;fadeIn&quot;}\" data-widget_type=\"heading.default\">\n\t\t\t\t<div class=\"elementor-widget-container\">\n\t\t\t\t\t<h1 class=\"elementor-heading-title elementor-size-default\">Fahrzeugverf\u00fcgbarkeit<\/h1>\t\t\t\t<\/div>\n\t\t\t\t<\/div>\n\t\t\t\t<div class=\"elementor-element elementor-element-1109e41 elementor-invisible elementor-widget elementor-widget-text-editor\" data-id=\"1109e41\" data-element_type=\"widget\" data-e-type=\"widget\" data-settings=\"{&quot;_animation&quot;:&quot;fadeIn&quot;}\" data-widget_type=\"text-editor.default\">\n\t\t\t\t<div class=\"elementor-widget-container\">\n\t\t\t\t\t\t\t\t\tVermeidung von Ausf\u00e4llen und Einsparung von Reparaturkosten.\t\t\t\t\t\t\t\t<\/div>\n\t\t\t\t<\/div>\n\t\t\t\t<\/div>\n\t\t<div class=\"elementor-element elementor-element-1b7a0ee e-con-full home-tab-item e-flex e-con e-child\" data-id=\"1b7a0ee\" data-element_type=\"container\" data-e-type=\"container\">\n\t\t<div class=\"elementor-element elementor-element-44b58ac e-con-full e-flex e-con e-child\" data-id=\"44b58ac\" data-element_type=\"container\" data-e-type=\"container\">\n\t\t\t\t<div class=\"elementor-element elementor-element-deda410 animated-slow elementor-invisible elementor-widget elementor-widget-heading\" data-id=\"deda410\" data-element_type=\"widget\" data-e-type=\"widget\" data-settings=\"{&quot;_animation&quot;:&quot;fadeIn&quot;}\" data-widget_type=\"heading.default\">\n\t\t\t\t<div class=\"elementor-widget-container\">\n\t\t\t\t\t<h3 class=\"elementor-heading-title elementor-size-default\">Proaktive Wartung:<br>Die Kraft der Interpretation von <span class=\"highlight-blue\">Diagnostic Trouble Codes<\/span> f\u00fcr ein effizientes Flottenmanagement<\/h3>\t\t\t\t<\/div>\n\t\t\t\t<\/div>\n\t\t\t\t<div class=\"elementor-element elementor-element-e4d050f animated-slow elementor-invisible elementor-widget elementor-widget-text-editor\" data-id=\"e4d050f\" data-element_type=\"widget\" data-e-type=\"widget\" data-settings=\"{&quot;_animation&quot;:&quot;fadeIn&quot;}\" data-widget_type=\"text-editor.default\">\n\t\t\t\t<div class=\"elementor-widget-container\">\n\t\t\t\t\t\t\t\t\tZugriff auf mehr als 400.000 OEM Diagnostic Trouble Codes, erhalten Sie Interpretationen und zugeh\u00f6rige Empfehlungen f\u00fcr jedes Fahrzeug.\t\t\t\t\t\t\t\t<\/div>\n\t\t\t\t<\/div>\n\t\t\t\t<\/div>\n\t\t<div class=\"elementor-element elementor-element-392eef2 e-con-full animated-slow e-flex elementor-invisible e-con e-child\" data-id=\"392eef2\" data-element_type=\"container\" data-e-type=\"container\" data-settings=\"{&quot;animation&quot;:&quot;fadeIn&quot;,&quot;motion_fx_motion_fx_scrolling&quot;:&quot;yes&quot;,&quot;motion_fx_translateY_effect&quot;:&quot;yes&quot;,&quot;motion_fx_translateY_speed&quot;:{&quot;unit&quot;:&quot;px&quot;,&quot;size&quot;:3,&quot;sizes&quot;:[]},&quot;motion_fx_translateY_affectedRange&quot;:{&quot;unit&quot;:&quot;%&quot;,&quot;size&quot;:&quot;&quot;,&quot;sizes&quot;:{&quot;start&quot;:32,&quot;end&quot;:67}},&quot;motion_fx_devices&quot;:[&quot;desktop&quot;,&quot;laptop&quot;]}\">\n\t\t\t\t<div class=\"elementor-element elementor-element-229592a elementor-widget elementor-widget-image\" data-id=\"229592a\" data-element_type=\"widget\" data-e-type=\"widget\" data-widget_type=\"image.default\">\n\t\t\t\t<div class=\"elementor-widget-container\">\n\t\t\t\t\t\t\t\t\t\t\t\t\t\t\t<img fetchpriority=\"high\" decoding=\"async\" width=\"659\" height=\"384\" src=\"https:\/\/ekkofleet.com\/wp-content\/uploads\/Diagnostic-Trouble-Codes.svg\" class=\"attachment-large size-large wp-image-6663\" alt=\"\" \/>\t\t\t\t\t\t\t\t\t\t\t\t\t\t\t<\/div>\n\t\t\t\t<\/div>\n\t\t\t\t<\/div>\n\t\t\t\t<\/div>\n\t\t\t\t\t<\/div>\n\t\t\t\t<\/div>\n\t\t<div data-dce-background-color=\"#F5F5F7\" class=\"elementor-element elementor-element-34cb9dd e-flex e-con-boxed e-con e-parent\" data-id=\"34cb9dd\" data-element_type=\"container\" data-e-type=\"container\" data-settings=\"{&quot;background_background&quot;:&quot;classic&quot;}\">\n\t\t\t\t\t<div class=\"e-con-inner\">\n\t\t<div class=\"elementor-element elementor-element-4c98814 e-con-full home-tab-item e-flex e-con e-child\" data-id=\"4c98814\" data-element_type=\"container\" data-e-type=\"container\">\n\t\t<div class=\"elementor-element elementor-element-e8afc76 e-con-full e-flex e-con e-child\" data-id=\"e8afc76\" data-element_type=\"container\" data-e-type=\"container\">\n\t\t\t\t<div class=\"elementor-element elementor-element-3386352 animated-slow elementor-invisible elementor-widget elementor-widget-heading\" data-id=\"3386352\" data-element_type=\"widget\" data-e-type=\"widget\" data-settings=\"{&quot;_animation&quot;:&quot;fadeIn&quot;}\" data-widget_type=\"heading.default\">\n\t\t\t\t<div class=\"elementor-widget-container\">\n\t\t\t\t\t<h3 class=\"elementor-heading-title elementor-size-default\">Fr\u00fchwarnungen f\u00fcr Fahrzeugprobleme<\/h3>\t\t\t\t<\/div>\n\t\t\t\t<\/div>\n\t\t\t\t<div class=\"elementor-element elementor-element-1137979 animated-slow medium-text-wrap elementor-invisible elementor-widget elementor-widget-text-editor\" data-id=\"1137979\" data-element_type=\"widget\" data-e-type=\"widget\" data-settings=\"{&quot;_animation&quot;:&quot;fadeIn&quot;}\" data-widget_type=\"text-editor.default\">\n\t\t\t\t<div class=\"elementor-widget-container\">\n\t\t\t\t\t\t\t\t\t\u00dcberwachen Sie Fahrzeugwarnleuchten, erhalten Sie fr\u00fchzeitige Warnungen f\u00fcr kritische Indikatoren (Wischwasserstand, ABS, Traktionskontrolle, DPF, AdBlue-Stand, Reifendruck) und ergreifen Sie proaktive Ma\u00dfnahmen zur Vermeidung kostspieliger Reparaturen.\t\t\t\t\t\t\t\t<\/div>\n\t\t\t\t<\/div>\n\t\t\t\t<\/div>\n\t\t<div data-dce-background-image-url=\"https:\/\/ekkofleet.com\/wp-content\/uploads\/Early-Warnings.jpg\" class=\"elementor-element elementor-element-e458118 e-con-full animated-slow e-flex elementor-invisible e-con e-child\" data-id=\"e458118\" data-element_type=\"container\" data-e-type=\"container\" data-settings=\"{&quot;animation&quot;:&quot;fadeIn&quot;,&quot;background_background&quot;:&quot;classic&quot;}\">\n\t\t\t\t<div class=\"elementor-element elementor-element-538d714 elementor-widget elementor-widget-image\" data-id=\"538d714\" data-element_type=\"widget\" data-e-type=\"widget\" data-settings=\"{&quot;motion_fx_translateY_effect&quot;:&quot;yes&quot;,&quot;motion_fx_devices&quot;:[&quot;desktop&quot;,&quot;laptop&quot;],&quot;motion_fx_translateY_direction&quot;:&quot;negative&quot;,&quot;motion_fx_translateY_speed&quot;:{&quot;unit&quot;:&quot;px&quot;,&quot;size&quot;:2,&quot;sizes&quot;:[]},&quot;motion_fx_translateY_affectedRange&quot;:{&quot;unit&quot;:&quot;%&quot;,&quot;size&quot;:&quot;&quot;,&quot;sizes&quot;:{&quot;start&quot;:25,&quot;end&quot;:66}},&quot;motion_fx_motion_fx_scrolling&quot;:&quot;yes&quot;}\" data-widget_type=\"image.default\">\n\t\t\t\t<div class=\"elementor-widget-container\">\n\t\t\t\t\t\t\t\t\t\t\t\t\t\t\t<img decoding=\"async\" width=\"407\" height=\"533\" src=\"https:\/\/ekkofleet.com\/wp-content\/uploads\/Early-Warnings-for-Vehicle-Issues.svg\" class=\"attachment-large size-large wp-image-6664\" alt=\"\" \/>\t\t\t\t\t\t\t\t\t\t\t\t\t\t\t<\/div>\n\t\t\t\t<\/div>\n\t\t\t\t<\/div>\n\t\t\t\t<\/div>\n\t\t<div class=\"elementor-element elementor-element-709776f e-con-full home-tab-item e-flex e-con e-child\" data-id=\"709776f\" data-element_type=\"container\" data-e-type=\"container\">\n\t\t<div class=\"elementor-element elementor-element-af967e3 e-con-full animated-slow e-flex elementor-invisible e-con e-child\" data-id=\"af967e3\" data-element_type=\"container\" data-e-type=\"container\" data-settings=\"{&quot;animation&quot;:&quot;fadeIn&quot;,&quot;background_background&quot;:&quot;classic&quot;}\">\n\t\t\t\t<div class=\"elementor-element elementor-element-6dcc739 elementor-widget elementor-widget-image\" data-id=\"6dcc739\" data-element_type=\"widget\" data-e-type=\"widget\" data-settings=\"{&quot;motion_fx_translateY_effect&quot;:&quot;yes&quot;,&quot;motion_fx_devices&quot;:[&quot;desktop&quot;,&quot;laptop&quot;],&quot;motion_fx_translateY_speed&quot;:{&quot;unit&quot;:&quot;px&quot;,&quot;size&quot;:2,&quot;sizes&quot;:[]},&quot;motion_fx_translateY_affectedRange&quot;:{&quot;unit&quot;:&quot;%&quot;,&quot;size&quot;:&quot;&quot;,&quot;sizes&quot;:{&quot;start&quot;:25,&quot;end&quot;:65}},&quot;motion_fx_motion_fx_scrolling&quot;:&quot;yes&quot;}\" data-widget_type=\"image.default\">\n\t\t\t\t<div class=\"elementor-widget-container\">\n\t\t\t\t\t\t\t\t\t\t\t\t\t\t\t<img decoding=\"async\" width=\"549\" height=\"350\" src=\"https:\/\/ekkofleet.com\/wp-content\/uploads\/Keep-Vehicle-Battery-Charged-and-Stay-Informed.svg\" class=\"attachment-large size-large wp-image-6666\" alt=\"\" \/>\t\t\t\t\t\t\t\t\t\t\t\t\t\t\t<\/div>\n\t\t\t\t<\/div>\n\t\t\t\t<\/div>\n\t\t<div class=\"elementor-element elementor-element-3e9326d e-con-full e-flex e-con e-child\" data-id=\"3e9326d\" data-element_type=\"container\" data-e-type=\"container\">\n\t\t\t\t<div class=\"elementor-element elementor-element-bd9107e animated-slow elementor-invisible elementor-widget elementor-widget-heading\" data-id=\"bd9107e\" data-element_type=\"widget\" data-e-type=\"widget\" data-settings=\"{&quot;_animation&quot;:&quot;fadeIn&quot;}\" data-widget_type=\"heading.default\">\n\t\t\t\t<div class=\"elementor-widget-container\">\n\t\t\t\t\t<h3 class=\"elementor-heading-title elementor-size-default\">Fahrzeugbatterie<br>geladen halten und informiert bleiben<\/h3>\t\t\t\t<\/div>\n\t\t\t\t<\/div>\n\t\t\t\t<div class=\"elementor-element elementor-element-0a9d711 animated-slow medium-text-wrap elementor-invisible elementor-widget elementor-widget-text-editor\" data-id=\"0a9d711\" data-element_type=\"widget\" data-e-type=\"widget\" data-settings=\"{&quot;_animation&quot;:&quot;fadeIn&quot;}\" data-widget_type=\"text-editor.default\">\n\t\t\t\t<div class=\"elementor-widget-container\">\n\t\t\t\t\t\t\t\t\tLeere oder defekte Batterien sind die h\u00e4ufigsten Ursachen f\u00fcr Pannen. Mit Ekkofleet erhalten Sie Echtzeitwarnungen und umsetzbare Daten zum Zustand Ihrer Fahrzeugbatterie. \t\t\t\t\t\t\t\t<\/div>\n\t\t\t\t<\/div>\n\t\t\t\t<\/div>\n\t\t\t\t<\/div>\n\t\t<div class=\"elementor-element elementor-element-6d18dc3 e-con-full home-tab-item e-flex e-con e-child\" data-id=\"6d18dc3\" data-element_type=\"container\" data-e-type=\"container\">\n\t\t<div class=\"elementor-element elementor-element-746dc86 e-con-full e-flex e-con e-child\" data-id=\"746dc86\" data-element_type=\"container\" data-e-type=\"container\">\n\t\t\t\t<div class=\"elementor-element elementor-element-5a43728 animated-slow elementor-invisible elementor-widget elementor-widget-heading\" data-id=\"5a43728\" data-element_type=\"widget\" data-e-type=\"widget\" data-settings=\"{&quot;_animation&quot;:&quot;fadeIn&quot;}\" data-widget_type=\"heading.default\">\n\t\t\t\t<div class=\"elementor-widget-container\">\n\t\t\t\t\t<h3 class=\"elementor-heading-title elementor-size-default\">Dynamisches <span class=\"highlight-blue\">Servicelogbuch<\/span><\/h3>\t\t\t\t<\/div>\n\t\t\t\t<\/div>\n\t\t\t\t<div class=\"elementor-element elementor-element-bc87cf2 animated-slow medium-text-wrap elementor-invisible elementor-widget elementor-widget-text-editor\" data-id=\"bc87cf2\" data-element_type=\"widget\" data-e-type=\"widget\" data-settings=\"{&quot;_animation&quot;:&quot;fadeIn&quot;}\" data-widget_type=\"text-editor.default\">\n\t\t\t\t<div class=\"elementor-widget-container\">\n\t\t\t\t\t\t\t\t\tErhalten Sie pr\u00e4zise Warnungen basierend auf der tats\u00e4chlichen Fahrzeugnutzung, halten Sie Ihr Fahrzeug in einem optimalen Zustand, wahren Sie Ihre Garantie und bewahren Sie Nachweise f\u00fcr eine ordnungsgem\u00e4\u00dfe Nutzung beim Wiederverkauf des Fahrzeugs.\t\t\t\t\t\t\t\t<\/div>\n\t\t\t\t<\/div>\n\t\t\t\t<\/div>\n\t\t<div data-dce-background-image-url=\"https:\/\/ekkofleet.com\/wp-content\/uploads\/Dynamic-service-logbook.jpg\" class=\"elementor-element elementor-element-f1b6042 e-con-full animated-slow e-flex elementor-invisible e-con e-child\" data-id=\"f1b6042\" data-element_type=\"container\" data-e-type=\"container\" data-settings=\"{&quot;animation&quot;:&quot;fadeIn&quot;,&quot;background_background&quot;:&quot;classic&quot;}\">\n\t\t\t\t<div class=\"elementor-element elementor-element-3f576ee elementor-widget elementor-widget-image\" data-id=\"3f576ee\" data-element_type=\"widget\" data-e-type=\"widget\" data-settings=\"{&quot;motion_fx_translateY_effect&quot;:&quot;yes&quot;,&quot;motion_fx_devices&quot;:[&quot;desktop&quot;,&quot;laptop&quot;],&quot;motion_fx_translateY_direction&quot;:&quot;negative&quot;,&quot;motion_fx_translateY_speed&quot;:{&quot;unit&quot;:&quot;px&quot;,&quot;size&quot;:2,&quot;sizes&quot;:[]},&quot;motion_fx_translateY_affectedRange&quot;:{&quot;unit&quot;:&quot;%&quot;,&quot;size&quot;:&quot;&quot;,&quot;sizes&quot;:{&quot;start&quot;:25,&quot;end&quot;:65}},&quot;motion_fx_motion_fx_scrolling&quot;:&quot;yes&quot;}\" data-widget_type=\"image.default\">\n\t\t\t\t<div class=\"elementor-widget-container\">\n\t\t\t\t\t\t\t\t\t\t\t\t\t\t\t<img loading=\"lazy\" decoding=\"async\" width=\"550\" height=\"266\" src=\"https:\/\/ekkofleet.com\/wp-content\/uploads\/Dynamic-service-logbook.svg\" class=\"attachment-large size-large wp-image-6669\" alt=\"\" \/>\t\t\t\t\t\t\t\t\t\t\t\t\t\t\t<\/div>\n\t\t\t\t<\/div>\n\t\t\t\t<\/div>\n\t\t\t\t<\/div>\n\t\t\t\t\t<\/div>\n\t\t\t\t<\/div>\n\t\t\t\t<\/div>\n\t\t","protected":false},"excerpt":{"rendered":"<p>https:\/\/ekkofleet.com\/wp-content\/uploads\/VEHICLE-HEALTH-Desktop.mp4https:\/\/ekkofleet.com\/wp-content\/uploads\/VEHICLE-HEALTH-Mobile.mp4 Fahrzeugverf\u00fcgbarkeit Vermeidung von Ausf\u00e4llen und Einsparung von Reparaturkosten. Proaktive Wartung:Die Kraft der Interpretation von Diagnostic Trouble Codes f\u00fcr ein effizientes Flottenmanagement Zugriff auf mehr als 400.000 OEM Diagnostic Trouble Codes, erhalten Sie Interpretationen und zugeh\u00f6rige Empfehlungen f\u00fcr jedes Fahrzeug. Fr\u00fchwarnungen f\u00fcr Fahrzeugprobleme \u00dcberwachen Sie Fahrzeugwarnleuchten, erhalten Sie fr\u00fchzeitige Warnungen f\u00fcr kritische Indikatoren (Wischwasserstand, ABS, [&hellip;]<\/p>\n","protected":false},"author":7,"featured_media":0,"parent":0,"menu_order":0,"comment_status":"closed","ping_status":"closed","template":"","meta":{"_acf_changed":false,"footnotes":""},"class_list":["post-6655","page","type-page","status-publish","hentry"],"acf":[],"_links":{"self":[{"href":"https:\/\/ekkofleet.com\/de\/wp-json\/wp\/v2\/pages\/6655","targetHints":{"allow":["GET"]}}],"collection":[{"href":"https:\/\/ekkofleet.com\/de\/wp-json\/wp\/v2\/pages"}],"about":[{"href":"https:\/\/ekkofleet.com\/de\/wp-json\/wp\/v2\/types\/page"}],"author":[{"embeddable":true,"href":"https:\/\/ekkofleet.com\/de\/wp-json\/wp\/v2\/users\/7"}],"replies":[{"embeddable":true,"href":"https:\/\/ekkofleet.com\/de\/wp-json\/wp\/v2\/comments?post=6655"}],"version-history":[{"count":1,"href":"https:\/\/ekkofleet.com\/de\/wp-json\/wp\/v2\/pages\/6655\/revisions"}],"predecessor-version":[{"id":6672,"href":"https:\/\/ekkofleet.com\/de\/wp-json\/wp\/v2\/pages\/6655\/revisions\/6672"}],"wp:attachment":[{"href":"https:\/\/ekkofleet.com\/de\/wp-json\/wp\/v2\/media?parent=6655"}],"curies":[{"name":"wp","href":"https:\/\/api.w.org\/{rel}","templated":true}]}}