{"id":6567,"date":"2024-12-30T12:51:02","date_gmt":"2024-12-30T11:51:02","guid":{"rendered":"https:\/\/ekkofleet.com\/energieoptimierung\/"},"modified":"2025-04-29T23:49:14","modified_gmt":"2025-04-29T21:49:14","slug":"energieoptimierung","status":"publish","type":"page","link":"https:\/\/ekkofleet.com\/de\/energieoptimierung\/","title":{"rendered":"Energieoptimierung"},"content":{"rendered":"\t\t<div data-elementor-type=\"wp-page\" data-elementor-id=\"6567\" class=\"elementor elementor-6567 elementor-2203\" data-elementor-post-type=\"page\">\n\t\t\t\t<div data-dce-background-color=\"#FAFAFA\" class=\"elementor-element elementor-element-df6c154 e-flex e-con-boxed e-con e-parent\" data-id=\"df6c154\" data-element_type=\"container\" data-e-type=\"container\" data-settings=\"{&quot;background_background&quot;:&quot;classic&quot;,&quot;sticky&quot;:&quot;top&quot;,&quot;sticky_on&quot;:[&quot;desktop&quot;,&quot;laptop&quot;,&quot;tablet&quot;,&quot;mobile&quot;],&quot;sticky_offset&quot;:0,&quot;sticky_effects_offset&quot;:0,&quot;sticky_anchor_link_offset&quot;:0}\">\n\t\t\t\t\t<div class=\"e-con-inner\">\n\t\t\t\t<div class=\"elementor-element elementor-element-9f3dd90 elementor-nav-menu__align-center elementor-nav-menu--dropdown-none elementor-widget elementor-widget-nav-menu\" data-id=\"9f3dd90\" data-element_type=\"widget\" data-e-type=\"widget\" id=\"custom-sticky-nav\" data-settings=\"{&quot;submenu_icon&quot;:{&quot;value&quot;:&quot;&lt;i aria-hidden=\\&quot;true\\&quot; class=\\&quot;\\&quot;&gt;&lt;\\\/i&gt;&quot;,&quot;library&quot;:&quot;&quot;},&quot;layout&quot;:&quot;horizontal&quot;}\" data-widget_type=\"nav-menu.default\">\n\t\t\t\t<div class=\"elementor-widget-container\">\n\t\t\t\t\t\t\t\t<nav aria-label=\"Menu\" class=\"elementor-nav-menu--main elementor-nav-menu__container elementor-nav-menu--layout-horizontal e--pointer-none\">\n\t\t\t\t<ul id=\"menu-1-9f3dd90\" class=\"elementor-nav-menu\"><li class=\"menu-item menu-item-type-post_type menu-item-object-page menu-item-1317\"><a href=\"https:\/\/ekkofleet.com\/fleet-tracking\/\" class=\"elementor-item\">Fleet Tracking<\/a><\/li>\n<li class=\"menu-item menu-item-type-post_type menu-item-object-page menu-item-1836\"><a href=\"https:\/\/ekkofleet.com\/vehicle-uptime\/\" class=\"elementor-item\">Vehicle Uptime<\/a><\/li>\n<li class=\"menu-item menu-item-type-post_type menu-item-object-page menu-item-1835\"><a href=\"https:\/\/ekkofleet.com\/ev-management\/\" class=\"elementor-item\">EV Management<\/a><\/li>\n<li class=\"menu-item menu-item-type-post_type menu-item-object-page menu-item-2027\"><a href=\"https:\/\/ekkofleet.com\/risk-management\/\" class=\"elementor-item\">Risk Management<\/a><\/li>\n<li class=\"menu-item menu-item-type-post_type menu-item-object-page menu-item-2205\"><a href=\"https:\/\/ekkofleet.com\/energy-optimisation\/\" class=\"elementor-item\">Energy Optimisation<\/a><\/li>\n<li class=\"menu-item menu-item-type-post_type menu-item-object-page menu-item-2321\"><a href=\"https:\/\/ekkofleet.com\/advanced-services\/\" class=\"elementor-item\">Advanced Services<\/a><\/li>\n<\/ul>\t\t\t<\/nav>\n\t\t\t\t\t\t<nav class=\"elementor-nav-menu--dropdown elementor-nav-menu__container\" aria-hidden=\"true\">\n\t\t\t\t<ul id=\"menu-2-9f3dd90\" class=\"elementor-nav-menu\"><li class=\"menu-item menu-item-type-post_type menu-item-object-page menu-item-1317\"><a href=\"https:\/\/ekkofleet.com\/fleet-tracking\/\" class=\"elementor-item\" tabindex=\"-1\">Fleet Tracking<\/a><\/li>\n<li class=\"menu-item menu-item-type-post_type menu-item-object-page menu-item-1836\"><a href=\"https:\/\/ekkofleet.com\/vehicle-uptime\/\" class=\"elementor-item\" tabindex=\"-1\">Vehicle Uptime<\/a><\/li>\n<li class=\"menu-item menu-item-type-post_type menu-item-object-page menu-item-1835\"><a href=\"https:\/\/ekkofleet.com\/ev-management\/\" class=\"elementor-item\" tabindex=\"-1\">EV Management<\/a><\/li>\n<li class=\"menu-item menu-item-type-post_type menu-item-object-page menu-item-2027\"><a href=\"https:\/\/ekkofleet.com\/risk-management\/\" class=\"elementor-item\" tabindex=\"-1\">Risk Management<\/a><\/li>\n<li class=\"menu-item menu-item-type-post_type menu-item-object-page menu-item-2205\"><a href=\"https:\/\/ekkofleet.com\/energy-optimisation\/\" class=\"elementor-item\" tabindex=\"-1\">Energy Optimisation<\/a><\/li>\n<li class=\"menu-item menu-item-type-post_type menu-item-object-page menu-item-2321\"><a href=\"https:\/\/ekkofleet.com\/advanced-services\/\" class=\"elementor-item\" tabindex=\"-1\">Advanced Services<\/a><\/li>\n<\/ul>\t\t\t<\/nav>\n\t\t\t\t\t\t<\/div>\n\t\t\t\t<\/div>\n\t\t\t\t\t<\/div>\n\t\t\t\t<\/div>\n\t\t<div class=\"elementor-element elementor-element-93a9eaf e-con-full desktop-video-wrapper elementor-hidden-mobile e-flex e-con e-parent\" data-id=\"93a9eaf\" data-element_type=\"container\" data-e-type=\"container\" data-settings=\"{&quot;sticky&quot;:&quot;top&quot;,&quot;sticky_on&quot;:[&quot;desktop&quot;,&quot;laptop&quot;],&quot;sticky_offset&quot;:0,&quot;sticky_effects_offset&quot;:0,&quot;sticky_anchor_link_offset&quot;:0}\">\n\t\t\t\t<div class=\"elementor-element elementor-element-87a5cc5 elementor-widget elementor-widget-video\" data-id=\"87a5cc5\" data-element_type=\"widget\" data-e-type=\"widget\" data-settings=\"{&quot;video_type&quot;:&quot;hosted&quot;,&quot;start&quot;:0,&quot;autoplay&quot;:&quot;yes&quot;,&quot;play_on_mobile&quot;:&quot;yes&quot;,&quot;mute&quot;:&quot;yes&quot;,&quot;loop&quot;:&quot;yes&quot;}\" data-widget_type=\"video.default\">\n\t\t\t\t<div class=\"elementor-widget-container\">\n\t\t\t\t\t\t\t<div class=\"e-hosted-video elementor-wrapper elementor-open-inline\">\n\t\t\t\t\t<video class=\"elementor-video\" src=\"https:\/\/ekkofleet.com\/wp-content\/uploads\/Energy-Optimisation-Desktop.mp4\" autoplay=\"\" loop=\"\" muted=\"muted\" playsinline=\"\" controlsList=\"nodownload\"><\/video>\n\t\t\t\t<\/div>\n\t\t\t\t\t\t<\/div>\n\t\t\t\t<\/div>\n\t\t\t\t<\/div>\n\t\t<div class=\"elementor-element elementor-element-8ce5de3 e-con-full mobile-video-wrapper elementor-hidden-desktop elementor-hidden-laptop elementor-hidden-tablet e-flex e-con e-parent\" data-id=\"8ce5de3\" data-element_type=\"container\" data-e-type=\"container\">\n\t\t\t\t<div class=\"elementor-element elementor-element-146f83b elementor-widget elementor-widget-video\" data-id=\"146f83b\" data-element_type=\"widget\" data-e-type=\"widget\" data-settings=\"{&quot;video_type&quot;:&quot;hosted&quot;,&quot;start&quot;:0,&quot;autoplay&quot;:&quot;yes&quot;,&quot;play_on_mobile&quot;:&quot;yes&quot;,&quot;mute&quot;:&quot;yes&quot;,&quot;loop&quot;:&quot;yes&quot;}\" data-widget_type=\"video.default\">\n\t\t\t\t<div class=\"elementor-widget-container\">\n\t\t\t\t\t\t\t<div class=\"e-hosted-video elementor-wrapper elementor-open-inline\">\n\t\t\t\t\t<video class=\"elementor-video\" src=\"https:\/\/ekkofleet.com\/wp-content\/uploads\/Energy-Optimisation-Mobile.mp4\" autoplay=\"\" loop=\"\" muted=\"muted\" playsinline=\"\" controlsList=\"nodownload\"><\/video>\n\t\t\t\t<\/div>\n\t\t\t\t\t\t<\/div>\n\t\t\t\t<\/div>\n\t\t\t\t<\/div>\n\t\t<div class=\"elementor-element elementor-element-8e04171 e-flex e-con-boxed e-con e-parent\" data-id=\"8e04171\" data-element_type=\"container\" data-e-type=\"container\" data-settings=\"{&quot;background_background&quot;:&quot;classic&quot;}\">\n\t\t\t\t\t<div class=\"e-con-inner\">\n\t\t<div class=\"elementor-element elementor-element-e511898 e-con-full e-flex e-con e-child\" data-id=\"e511898\" data-element_type=\"container\" data-e-type=\"container\">\n\t\t\t\t<div class=\"elementor-element elementor-element-fe74cf6 animated-slow elementor-invisible elementor-widget elementor-widget-heading\" data-id=\"fe74cf6\" data-element_type=\"widget\" data-e-type=\"widget\" data-settings=\"{&quot;_animation&quot;:&quot;fadeIn&quot;}\" data-widget_type=\"heading.default\">\n\t\t\t\t<div class=\"elementor-widget-container\">\n\t\t\t\t\t<h1 class=\"elementor-heading-title elementor-size-default\">Energieoptimierung\n<\/h1>\t\t\t\t<\/div>\n\t\t\t\t<\/div>\n\t\t\t\t<div class=\"elementor-element elementor-element-1109e41 elementor-widget__width-initial elementor-invisible elementor-widget elementor-widget-text-editor\" data-id=\"1109e41\" data-element_type=\"widget\" data-e-type=\"widget\" data-settings=\"{&quot;_animation&quot;:&quot;fadeIn&quot;}\" data-widget_type=\"text-editor.default\">\n\t\t\t\t<div class=\"elementor-widget-container\">\n\t\t\t\t\t\t\t\t\tVerbessern Sie Ihr Flottenmanagement durch Daten\u00fcberwachung\n\t\t\t\t\t\t\t\t<\/div>\n\t\t\t\t<\/div>\n\t\t\t\t<\/div>\n\t\t<div class=\"elementor-element elementor-element-950d604 e-con-full home-tab-item e-flex e-con e-child\" data-id=\"950d604\" data-element_type=\"container\" data-e-type=\"container\">\n\t\t<div class=\"elementor-element elementor-element-a2af1f8 e-con-full animated-slow e-flex elementor-invisible e-con e-child\" data-id=\"a2af1f8\" data-element_type=\"container\" data-e-type=\"container\" data-settings=\"{&quot;animation&quot;:&quot;fadeIn&quot;,&quot;motion_fx_motion_fx_scrolling&quot;:&quot;yes&quot;,&quot;motion_fx_translateY_effect&quot;:&quot;yes&quot;,&quot;motion_fx_translateY_speed&quot;:{&quot;unit&quot;:&quot;px&quot;,&quot;size&quot;:3,&quot;sizes&quot;:[]},&quot;motion_fx_translateY_affectedRange&quot;:{&quot;unit&quot;:&quot;%&quot;,&quot;size&quot;:&quot;&quot;,&quot;sizes&quot;:{&quot;start&quot;:32,&quot;end&quot;:67}},&quot;motion_fx_devices&quot;:[&quot;desktop&quot;,&quot;laptop&quot;]}\">\n\t\t\t\t<div class=\"elementor-element elementor-element-46e08ee elementor-widget elementor-widget-image\" data-id=\"46e08ee\" data-element_type=\"widget\" data-e-type=\"widget\" data-settings=\"{&quot;motion_fx_translateY_effect&quot;:&quot;yes&quot;,&quot;motion_fx_devices&quot;:[&quot;desktop&quot;,&quot;laptop&quot;],&quot;motion_fx_translateY_speed&quot;:{&quot;unit&quot;:&quot;px&quot;,&quot;size&quot;:2,&quot;sizes&quot;:[]},&quot;motion_fx_motion_fx_scrolling&quot;:&quot;yes&quot;,&quot;motion_fx_translateY_affectedRange&quot;:{&quot;unit&quot;:&quot;%&quot;,&quot;size&quot;:&quot;&quot;,&quot;sizes&quot;:{&quot;start&quot;:0,&quot;end&quot;:100}}}\" data-widget_type=\"image.default\">\n\t\t\t\t<div class=\"elementor-widget-container\">\n\t\t\t\t\t\t\t\t\t\t\t\t\t\t\t<img fetchpriority=\"high\" decoding=\"async\" width=\"197\" height=\"593\" src=\"https:\/\/ekkofleet.com\/wp-content\/uploads\/fuel-consumpton-reporting-left.svg\" class=\"attachment-large size-large wp-image-6571\" alt=\"\" \/>\t\t\t\t\t\t\t\t\t\t\t\t\t\t\t<\/div>\n\t\t\t\t<\/div>\n\t\t\t\t<div class=\"elementor-element elementor-element-cbbdbe9 elementor-widget elementor-widget-image\" data-id=\"cbbdbe9\" data-element_type=\"widget\" data-e-type=\"widget\" data-settings=\"{&quot;motion_fx_translateY_effect&quot;:&quot;yes&quot;,&quot;motion_fx_devices&quot;:[&quot;desktop&quot;,&quot;laptop&quot;],&quot;motion_fx_translateY_direction&quot;:&quot;negative&quot;,&quot;motion_fx_translateY_speed&quot;:{&quot;unit&quot;:&quot;px&quot;,&quot;size&quot;:2,&quot;sizes&quot;:[]},&quot;motion_fx_translateY_affectedRange&quot;:{&quot;unit&quot;:&quot;%&quot;,&quot;size&quot;:&quot;&quot;,&quot;sizes&quot;:{&quot;start&quot;:0,&quot;end&quot;:54}},&quot;motion_fx_motion_fx_scrolling&quot;:&quot;yes&quot;}\" data-widget_type=\"image.default\">\n\t\t\t\t<div class=\"elementor-widget-container\">\n\t\t\t\t\t\t\t\t\t\t\t\t\t\t\t<img decoding=\"async\" width=\"223\" height=\"603\" src=\"https:\/\/ekkofleet.com\/wp-content\/uploads\/fuel-consumpton-reporting-right.svg\" class=\"attachment-large size-large wp-image-6572\" alt=\"\" \/>\t\t\t\t\t\t\t\t\t\t\t\t\t\t\t<\/div>\n\t\t\t\t<\/div>\n\t\t\t\t<\/div>\n\t\t<div class=\"elementor-element elementor-element-a3c7968 e-con-full e-flex e-con e-child\" data-id=\"a3c7968\" data-element_type=\"container\" data-e-type=\"container\">\n\t\t\t\t<div class=\"elementor-element elementor-element-03229e0 animated-slow elementor-invisible elementor-widget elementor-widget-text-editor\" data-id=\"03229e0\" data-element_type=\"widget\" data-e-type=\"widget\" data-settings=\"{&quot;_animation&quot;:&quot;fadeIn&quot;}\" data-widget_type=\"text-editor.default\">\n\t\t\t\t<div class=\"elementor-widget-container\">\n\t\t\t\t\t\t\t\t\t<p>EFFIZIENTES KRAFTSTOFFMANAGEMENT<\/p>\t\t\t\t\t\t\t\t<\/div>\n\t\t\t\t<\/div>\n\t\t\t\t<div class=\"elementor-element elementor-element-2f6a5af animated-slow elementor-widget-tablet__width-initial elementor-invisible elementor-widget elementor-widget-heading\" data-id=\"2f6a5af\" data-element_type=\"widget\" data-e-type=\"widget\" data-settings=\"{&quot;_animation&quot;:&quot;fadeIn&quot;}\" data-widget_type=\"heading.default\">\n\t\t\t\t<div class=\"elementor-widget-container\">\n\t\t\t\t\t<h2 class=\"elementor-heading-title elementor-size-default\">Pr\u00e4zise &amp; zuverl\u00e4ssige <span class=\"highlight-blue\">Kraftstoffverbrauchsberichte sind bahnbrechend<\/span><\/h2>\t\t\t\t<\/div>\n\t\t\t\t<\/div>\n\t\t\t\t<div class=\"elementor-element elementor-element-7e72232 animated-slow medium-text-wrap elementor-widget__width-initial elementor-invisible elementor-widget elementor-widget-text-editor\" data-id=\"7e72232\" data-element_type=\"widget\" data-e-type=\"widget\" data-settings=\"{&quot;_animation&quot;:&quot;fadeIn&quot;}\" data-widget_type=\"text-editor.default\">\n\t\t\t\t<div class=\"elementor-widget-container\">\n\t\t\t\t\t\t\t\t\tErfahren Sie exakt und f\u00fcr jedes Fahrzeug den Kraftstoffverbrauch, die Effizienz im Vergleich zu den Herstellerspezifikationen und die Verteilung nach Stra\u00dfenkategorien.\t\t\t\t\t\t\t\t<\/div>\n\t\t\t\t<\/div>\n\t\t\t\t<\/div>\n\t\t\t\t<\/div>\n\t\t\t\t\t<\/div>\n\t\t\t\t<\/div>\n\t\t<div class=\"elementor-element elementor-element-48d6eb9 e-flex e-con-boxed e-con e-parent\" data-id=\"48d6eb9\" data-element_type=\"container\" data-e-type=\"container\" data-settings=\"{&quot;background_background&quot;:&quot;classic&quot;}\">\n\t\t\t\t\t<div class=\"e-con-inner\">\n\t\t<div class=\"elementor-element elementor-element-449e515 e-con-full home-tab-item e-flex e-con e-child\" data-id=\"449e515\" data-element_type=\"container\" data-e-type=\"container\">\n\t\t<div class=\"elementor-element elementor-element-4793eac e-con-full e-flex e-con e-child\" data-id=\"4793eac\" data-element_type=\"container\" data-e-type=\"container\">\n\t\t\t\t<div class=\"elementor-element elementor-element-90cc207 animated-slow elementor-invisible elementor-widget elementor-widget-heading\" data-id=\"90cc207\" data-element_type=\"widget\" data-e-type=\"widget\" data-settings=\"{&quot;_animation&quot;:&quot;fadeIn&quot;}\" data-widget_type=\"heading.default\">\n\t\t\t\t<div class=\"elementor-widget-container\">\n\t\t\t\t\t<h3 class=\"elementor-heading-title elementor-size-default\"><span class=\"highlight-blue\">Ladezustand der Batterie:<br> <\/span>\u00dcberwachung und Maximierung der Effizienz von Elektrofahrzeugen<\/h3>\t\t\t\t<\/div>\n\t\t\t\t<\/div>\n\t\t\t\t<div class=\"elementor-element elementor-element-0ae927b animated-slow elementor-invisible elementor-widget elementor-widget-text-editor\" data-id=\"0ae927b\" data-element_type=\"widget\" data-e-type=\"widget\" data-settings=\"{&quot;_animation&quot;:&quot;fadeIn&quot;}\" data-widget_type=\"text-editor.default\">\n\t\t\t\t<div class=\"elementor-widget-container\">\n\t\t\t\t\t\t\t\t\t\u00dcberwachen Sie genau den Ladezustand und den Ladevorgang von Elektrofahrzeugbatterien f\u00fcr optimale Leistung. Ladestrategien beeinflussen Effizienz und Reichweite erheblich und k\u00f6nnen pr\u00e4zise nachverfolgt werden. Planen Sie Fahrten effektiv und treffen Sie fundierte Fahrentscheidungen unter Ber\u00fccksichtigung der Batterienutzungsstrategie.  \t\t\t\t\t\t\t\t<\/div>\n\t\t\t\t<\/div>\n\t\t\t\t<\/div>\n\t\t<div class=\"elementor-element elementor-element-cc1ceb8 e-con-full animated-slow e-flex elementor-invisible e-con e-child\" data-id=\"cc1ceb8\" data-element_type=\"container\" data-e-type=\"container\" data-settings=\"{&quot;animation&quot;:&quot;fadeIn&quot;,&quot;motion_fx_motion_fx_scrolling&quot;:&quot;yes&quot;,&quot;motion_fx_translateY_effect&quot;:&quot;yes&quot;,&quot;motion_fx_translateY_speed&quot;:{&quot;unit&quot;:&quot;px&quot;,&quot;size&quot;:3,&quot;sizes&quot;:[]},&quot;motion_fx_translateY_affectedRange&quot;:{&quot;unit&quot;:&quot;%&quot;,&quot;size&quot;:&quot;&quot;,&quot;sizes&quot;:{&quot;start&quot;:32,&quot;end&quot;:67}},&quot;motion_fx_devices&quot;:[&quot;desktop&quot;,&quot;laptop&quot;]}\">\n\t\t\t\t<div class=\"elementor-element elementor-element-ea053ac elementor-widget elementor-widget-image\" data-id=\"ea053ac\" data-element_type=\"widget\" data-e-type=\"widget\" data-widget_type=\"image.default\">\n\t\t\t\t<div class=\"elementor-widget-container\">\n\t\t\t\t\t\t\t\t\t\t\t\t\t\t\t<img decoding=\"async\" width=\"445\" height=\"224\" src=\"https:\/\/ekkofleet.com\/wp-content\/uploads\/Battery-State-of-Charge.svg\" class=\"attachment-large size-large wp-image-6573\" alt=\"\" \/>\t\t\t\t\t\t\t\t\t\t\t\t\t\t\t<\/div>\n\t\t\t\t<\/div>\n\t\t\t\t<\/div>\n\t\t\t\t<\/div>\n\t\t\t\t\t<\/div>\n\t\t\t\t<\/div>\n\t\t<div class=\"elementor-element elementor-element-f122e33 e-flex e-con-boxed e-con e-parent\" data-id=\"f122e33\" data-element_type=\"container\" data-e-type=\"container\" data-settings=\"{&quot;background_background&quot;:&quot;classic&quot;}\">\n\t\t\t\t\t<div class=\"e-con-inner\">\n\t\t<div class=\"elementor-element elementor-element-4bed47c e-con-full home-tab-item e-flex e-con e-child\" data-id=\"4bed47c\" data-element_type=\"container\" data-e-type=\"container\">\n\t\t<div class=\"elementor-element elementor-element-c1a84d6 e-con-full animated-slow e-flex elementor-invisible e-con e-child\" data-id=\"c1a84d6\" data-element_type=\"container\" data-e-type=\"container\" data-settings=\"{&quot;animation&quot;:&quot;fadeIn&quot;,&quot;motion_fx_motion_fx_scrolling&quot;:&quot;yes&quot;,&quot;motion_fx_translateY_effect&quot;:&quot;yes&quot;,&quot;motion_fx_translateY_speed&quot;:{&quot;unit&quot;:&quot;px&quot;,&quot;size&quot;:3,&quot;sizes&quot;:[]},&quot;motion_fx_translateY_affectedRange&quot;:{&quot;unit&quot;:&quot;%&quot;,&quot;size&quot;:&quot;&quot;,&quot;sizes&quot;:{&quot;start&quot;:32,&quot;end&quot;:67}},&quot;motion_fx_devices&quot;:[&quot;desktop&quot;,&quot;laptop&quot;]}\">\n\t\t\t\t<div class=\"elementor-element elementor-element-7790b2e animated-slow elementor-invisible elementor-widget elementor-widget-text-editor\" data-id=\"7790b2e\" data-element_type=\"widget\" data-e-type=\"widget\" data-settings=\"{&quot;_animation&quot;:&quot;fadeIn&quot;}\" data-widget_type=\"text-editor.default\">\n\t\t\t\t<div class=\"elementor-widget-container\">\n\t\t\t\t\t\t\t\t\t<p><strong>EINGESPARTE CO2-EMISSIONEN<\/strong><\/p>\t\t\t\t\t\t\t\t<\/div>\n\t\t\t\t<\/div>\n\t\t\t\t<div class=\"elementor-element elementor-element-4b2bfdc elementor-widget elementor-widget-image\" data-id=\"4b2bfdc\" data-element_type=\"widget\" data-e-type=\"widget\" data-widget_type=\"image.default\">\n\t\t\t\t<div class=\"elementor-widget-container\">\n\t\t\t\t\t\t\t\t\t\t\t\t\t\t\t<img loading=\"lazy\" decoding=\"async\" width=\"436\" height=\"255\" src=\"https:\/\/ekkofleet.com\/wp-content\/uploads\/C02-Emissions-saved.svg\" class=\"attachment-large size-large wp-image-6574\" alt=\"\" \/>\t\t\t\t\t\t\t\t\t\t\t\t\t\t\t<\/div>\n\t\t\t\t<\/div>\n\t\t\t\t<\/div>\n\t\t<div class=\"elementor-element elementor-element-61b789b e-con-full e-flex e-con e-child\" data-id=\"61b789b\" data-element_type=\"container\" data-e-type=\"container\">\n\t\t\t\t<div class=\"elementor-element elementor-element-beab2b5 elementor-widget elementor-widget-image\" data-id=\"beab2b5\" data-element_type=\"widget\" data-e-type=\"widget\" data-widget_type=\"image.default\">\n\t\t\t\t<div class=\"elementor-widget-container\">\n\t\t\t\t\t\t\t\t\t\t\t\t\t\t\t<img loading=\"lazy\" decoding=\"async\" width=\"104\" height=\"67\" src=\"https:\/\/ekkofleet.com\/wp-content\/uploads\/Eco-Score-2.svg\" class=\"attachment-large size-large wp-image-7112\" alt=\"\" \/>\t\t\t\t\t\t\t\t\t\t\t\t\t\t\t<\/div>\n\t\t\t\t<\/div>\n\t\t\t\t<div class=\"elementor-element elementor-element-1a7be46 animated-slow elementor-invisible elementor-widget elementor-widget-heading\" data-id=\"1a7be46\" data-element_type=\"widget\" data-e-type=\"widget\" data-settings=\"{&quot;_animation&quot;:&quot;fadeIn&quot;}\" data-widget_type=\"heading.default\">\n\t\t\t\t<div class=\"elementor-widget-container\">\n\t\t\t\t\t<h3 class=\"elementor-heading-title elementor-size-default\">Eco-Score mit zugeh\u00f6rigen Ereignissen (Leerlauf, Drehzahl\u00fcberwachung)<\/h3>\t\t\t\t<\/div>\n\t\t\t\t<\/div>\n\t\t\t\t<div class=\"elementor-element elementor-element-6b566e2 animated-slow elementor-invisible elementor-widget elementor-widget-text-editor\" data-id=\"6b566e2\" data-element_type=\"widget\" data-e-type=\"widget\" data-settings=\"{&quot;_animation&quot;:&quot;fadeIn&quot;}\" data-widget_type=\"text-editor.default\">\n\t\t\t\t<div class=\"elementor-widget-container\">\n\t\t\t\t\t\t\t\t\t<p>Setzen Sie Reduktionsziele und verf\u00fcgen Sie \u00fcber ein hervorragendes Instrument zur Verfolgung von Verbesserungen.<\/p>\t\t\t\t\t\t\t\t<\/div>\n\t\t\t\t<\/div>\n\t\t\t\t<\/div>\n\t\t\t\t<\/div>\n\t\t\t\t\t<\/div>\n\t\t\t\t<\/div>\n\t\t\t\t<\/div>\n\t\t","protected":false},"excerpt":{"rendered":"<p>https:\/\/ekkofleet.com\/wp-content\/uploads\/Energy-Optimisation-Desktop.mp4https:\/\/ekkofleet.com\/wp-content\/uploads\/Energy-Optimisation-Mobile.mp4 Energieoptimierung Verbessern Sie Ihr Flottenmanagement durch Daten\u00fcberwachung EFFIZIENTES KRAFTSTOFFMANAGEMENT Pr\u00e4zise &amp; zuverl\u00e4ssige Kraftstoffverbrauchsberichte sind bahnbrechend Erfahren Sie exakt und f\u00fcr jedes Fahrzeug den Kraftstoffverbrauch, die Effizienz im Vergleich zu den Herstellerspezifikationen und die Verteilung nach Stra\u00dfenkategorien. Ladezustand der Batterie: \u00dcberwachung und Maximierung der Effizienz von Elektrofahrzeugen \u00dcberwachen Sie genau den Ladezustand und den Ladevorgang [&hellip;]<\/p>\n","protected":false},"author":7,"featured_media":0,"parent":0,"menu_order":0,"comment_status":"closed","ping_status":"closed","template":"","meta":{"_acf_changed":false,"footnotes":""},"class_list":["post-6567","page","type-page","status-publish","hentry"],"acf":[],"_links":{"self":[{"href":"https:\/\/ekkofleet.com\/de\/wp-json\/wp\/v2\/pages\/6567","targetHints":{"allow":["GET"]}}],"collection":[{"href":"https:\/\/ekkofleet.com\/de\/wp-json\/wp\/v2\/pages"}],"about":[{"href":"https:\/\/ekkofleet.com\/de\/wp-json\/wp\/v2\/types\/page"}],"author":[{"embeddable":true,"href":"https:\/\/ekkofleet.com\/de\/wp-json\/wp\/v2\/users\/7"}],"replies":[{"embeddable":true,"href":"https:\/\/ekkofleet.com\/de\/wp-json\/wp\/v2\/comments?post=6567"}],"version-history":[{"count":1,"href":"https:\/\/ekkofleet.com\/de\/wp-json\/wp\/v2\/pages\/6567\/revisions"}],"predecessor-version":[{"id":6584,"href":"https:\/\/ekkofleet.com\/de\/wp-json\/wp\/v2\/pages\/6567\/revisions\/6584"}],"wp:attachment":[{"href":"https:\/\/ekkofleet.com\/de\/wp-json\/wp\/v2\/media?parent=6567"}],"curies":[{"name":"wp","href":"https:\/\/api.w.org\/{rel}","templated":true}]}}