{"id":6536,"date":"2024-12-31T08:48:03","date_gmt":"2024-12-31T07:48:03","guid":{"rendered":"https:\/\/ekkofleet.com\/allgemeine-geschaeftsbedingungen\/"},"modified":"2025-04-29T23:49:54","modified_gmt":"2025-04-29T21:49:54","slug":"allgemeine-geschaeftsbedingungen","status":"publish","type":"page","link":"https:\/\/ekkofleet.com\/de\/allgemeine-geschaeftsbedingungen\/","title":{"rendered":"Allgemeine Gesch\u00e4ftsbedingungen"},"content":{"rendered":"\t\t<div data-elementor-type=\"wp-page\" data-elementor-id=\"6536\" class=\"elementor elementor-6536 elementor-2867\" data-elementor-post-type=\"page\">\n\t\t\t\t<div class=\"elementor-element elementor-element-af6c6f6 e-con-full desktop-video-wrapper elementor-hidden-mobile e-flex e-con e-parent\" data-id=\"af6c6f6\" data-element_type=\"container\" data-e-type=\"container\" data-settings=\"{&quot;sticky&quot;:&quot;top&quot;,&quot;sticky_on&quot;:[&quot;desktop&quot;,&quot;laptop&quot;],&quot;sticky_offset&quot;:0,&quot;sticky_effects_offset&quot;:0,&quot;sticky_anchor_link_offset&quot;:0}\">\n\t\t\t\t<div class=\"elementor-element elementor-element-53db75f elementor-widget elementor-widget-video\" data-id=\"53db75f\" data-element_type=\"widget\" data-e-type=\"widget\" data-settings=\"{&quot;video_type&quot;:&quot;hosted&quot;,&quot;start&quot;:0,&quot;autoplay&quot;:&quot;yes&quot;,&quot;play_on_mobile&quot;:&quot;yes&quot;,&quot;mute&quot;:&quot;yes&quot;,&quot;loop&quot;:&quot;yes&quot;}\" data-widget_type=\"video.default\">\n\t\t\t\t<div class=\"elementor-widget-container\">\n\t\t\t\t\t\t\t<div class=\"e-hosted-video elementor-wrapper elementor-open-inline\">\n\t\t\t\t\t<video class=\"elementor-video\" src=\"https:\/\/ekkofleet.com\/wp-content\/uploads\/terms-and-conditions-deskop.mp4\" autoplay=\"\" loop=\"\" muted=\"muted\" playsinline=\"\" controlsList=\"nodownload\"><\/video>\n\t\t\t\t<\/div>\n\t\t\t\t\t\t<\/div>\n\t\t\t\t<\/div>\n\t\t\t\t<\/div>\n\t\t<div class=\"elementor-element elementor-element-9311bcf e-con-full mobile-video-wrapper elementor-hidden-desktop elementor-hidden-laptop elementor-hidden-tablet e-flex e-con e-parent\" data-id=\"9311bcf\" data-element_type=\"container\" data-e-type=\"container\">\n\t\t\t\t<div class=\"elementor-element elementor-element-5e2ee63 elementor-widget elementor-widget-video\" data-id=\"5e2ee63\" data-element_type=\"widget\" data-e-type=\"widget\" data-settings=\"{&quot;video_type&quot;:&quot;hosted&quot;,&quot;start&quot;:0,&quot;autoplay&quot;:&quot;yes&quot;,&quot;play_on_mobile&quot;:&quot;yes&quot;,&quot;mute&quot;:&quot;yes&quot;,&quot;loop&quot;:&quot;yes&quot;}\" data-widget_type=\"video.default\">\n\t\t\t\t<div class=\"elementor-widget-container\">\n\t\t\t\t\t\t\t<div class=\"e-hosted-video elementor-wrapper elementor-open-inline\">\n\t\t\t\t\t<video class=\"elementor-video\" src=\"https:\/\/ekkofleet.com\/wp-content\/uploads\/terms-and-conditions-deskop.mp4\" autoplay=\"\" loop=\"\" muted=\"muted\" playsinline=\"\" controlsList=\"nodownload\"><\/video>\n\t\t\t\t<\/div>\n\t\t\t\t\t\t<\/div>\n\t\t\t\t<\/div>\n\t\t\t\t<\/div>\n\t\t<div class=\"elementor-element elementor-element-4138cca e-flex e-con-boxed e-con e-parent\" data-id=\"4138cca\" data-element_type=\"container\" data-e-type=\"container\" data-settings=\"{&quot;background_background&quot;:&quot;classic&quot;}\">\n\t\t\t\t\t<div class=\"e-con-inner\">\n\t\t<div class=\"elementor-element elementor-element-623aafb e-con-full home-tab-item e-flex e-con e-child\" data-id=\"623aafb\" data-element_type=\"container\" data-e-type=\"container\">\n\t\t\t\t<div class=\"elementor-element elementor-element-012afcf animated-slow elementor-widget__width-initial elementor-invisible elementor-widget elementor-widget-heading\" data-id=\"012afcf\" data-element_type=\"widget\" data-e-type=\"widget\" data-settings=\"{&quot;_animation&quot;:&quot;fadeIn&quot;}\" data-widget_type=\"heading.default\">\n\t\t\t\t<div class=\"elementor-widget-container\">\n\t\t\t\t\t<h1 class=\"elementor-heading-title elementor-size-default\">Allgemeine Gesch\u00e4ftsbedingungen f\u00fcr <span class=\"highlight-blue\">Ekkofleet<\/span> <\/h1>\t\t\t\t<\/div>\n\t\t\t\t<\/div>\n\t\t\t\t<div class=\"elementor-element elementor-element-3604d10 animated-slow elementor-widget-tablet__width-initial elementor-invisible elementor-widget elementor-widget-text-editor\" data-id=\"3604d10\" data-element_type=\"widget\" data-e-type=\"widget\" data-settings=\"{&quot;_animation&quot;:&quot;fadeIn&quot;}\" data-widget_type=\"text-editor.default\">\n\t\t\t\t<div class=\"elementor-widget-container\">\n\t\t\t\t\t\t\t\t\t<p>Bitte lesen Sie diese Nutzungsbedingungen (\u201eBedingungen\u201c) sorgf\u00e4ltig durch, bevor Sie die von Ekkofleet bereitgestellten Dienste nutzen und auf unsere fahrzeugdefinierte Softwareplattform zugreifen. Diese Bedingungen stellen eine rechtliche Vereinbarung zwischen Ihnen (\u201eNutzer\u201c oder \u201eSie\u201c) und Munic SA dar und regeln Ihre Nutzung unserer Dienste und Plattform. Durch den Zugriff auf oder die Nutzung der Dienste erkl\u00e4ren Sie sich mit diesen Bedingungen einverstanden und verpflichten sich, diese einzuhalten. Sollten Sie mit diesen Bedingungen nicht einverstanden sein, bitten wir Sie h\u00f6flich, unsere Dienste nicht zu nutzen.   <\/p>\t\t\t\t\t\t\t\t<\/div>\n\t\t\t\t<\/div>\n\t\t\t\t<\/div>\n\t\t<div class=\"elementor-element elementor-element-1c7f946 e-con-full e-flex e-con e-child\" data-id=\"1c7f946\" data-element_type=\"container\" data-e-type=\"container\">\n\t\t\t\t<div class=\"elementor-element elementor-element-aba3ddd animated-slow elementor-invisible elementor-widget elementor-widget-heading\" data-id=\"aba3ddd\" data-element_type=\"widget\" data-e-type=\"widget\" data-settings=\"{&quot;_animation&quot;:&quot;fadeIn&quot;}\" data-widget_type=\"heading.default\">\n\t\t\t\t<div class=\"elementor-widget-container\">\n\t\t\t\t\t<h3 class=\"elementor-heading-title elementor-size-default\">1. Nutzung der Dienste<\/h3>\t\t\t\t<\/div>\n\t\t\t\t<\/div>\n\t\t\t\t<div class=\"elementor-element elementor-element-4e9e6fb animated-slow elementor-widget-tablet__width-initial elementor-invisible elementor-widget elementor-widget-text-editor\" data-id=\"4e9e6fb\" data-element_type=\"widget\" data-e-type=\"widget\" data-settings=\"{&quot;_animation&quot;:&quot;fadeIn&quot;}\" data-widget_type=\"text-editor.default\">\n\t\t\t\t<div class=\"elementor-widget-container\">\n\t\t\t\t\t\t\t\t\t<p><strong>1.1 Zugang und Registrierung:<\/strong> Um unsere Dienste zu nutzen, m\u00fcssen Sie m\u00f6glicherweise ein Konto erstellen. Sie sind daf\u00fcr verantwortlich, die Vertraulichkeit Ihrer Anmeldeinformationen zu wahren und haften f\u00fcr alle Aktivit\u00e4ten, die \u00fcber Ihr Konto erfolgen. <\/p><p> <\/p><p><strong>1.2 Ordnungsgem\u00e4\u00dfe Nutzung:<\/strong> Sie verpflichten sich, unsere Dienste angemessen und rechtm\u00e4\u00dfig zu nutzen, ohne die Rechte Dritter zu verletzen oder gegen geltende Gesetze und Vorschriften zu versto\u00dfen.<\/p>\t\t\t\t\t\t\t\t<\/div>\n\t\t\t\t<\/div>\n\t\t\t\t<\/div>\n\t\t<div class=\"elementor-element elementor-element-08fdfe8 e-con-full e-flex e-con e-child\" data-id=\"08fdfe8\" data-element_type=\"container\" data-e-type=\"container\">\n\t\t\t\t<div class=\"elementor-element elementor-element-6650a09 animated-slow elementor-invisible elementor-widget elementor-widget-heading\" data-id=\"6650a09\" data-element_type=\"widget\" data-e-type=\"widget\" data-settings=\"{&quot;_animation&quot;:&quot;fadeIn&quot;}\" data-widget_type=\"heading.default\">\n\t\t\t\t<div class=\"elementor-widget-container\">\n\t\t\t\t\t<h3 class=\"elementor-heading-title elementor-size-default\">2. Datenschutz und Daten<\/h3>\t\t\t\t<\/div>\n\t\t\t\t<\/div>\n\t\t\t\t<div class=\"elementor-element elementor-element-2909488 animated-slow elementor-widget-tablet__width-initial elementor-invisible elementor-widget elementor-widget-text-editor\" data-id=\"2909488\" data-element_type=\"widget\" data-e-type=\"widget\" data-settings=\"{&quot;_animation&quot;:&quot;fadeIn&quot;}\" data-widget_type=\"text-editor.default\">\n\t\t\t\t<div class=\"elementor-widget-container\">\n\t\t\t\t\t\t\t\t\t<strong>2.1 Datenschutz:<\/strong> Wir verstehen die Bedeutung Ihrer Privatsph\u00e4re und sind bestrebt, Ihre personenbezogenen Daten zu sch\u00fctzen. Bitte beachten Sie unsere Datenschutzerkl\u00e4rung f\u00fcr detaillierte Informationen dar\u00fcber, wie wir Ihre Daten erheben, verwenden und sch\u00fctzen. \t\t\t\t\t\t\t\t<\/div>\n\t\t\t\t<\/div>\n\t\t\t\t<\/div>\n\t\t<div class=\"elementor-element elementor-element-357ffee e-con-full e-flex e-con e-child\" data-id=\"357ffee\" data-element_type=\"container\" data-e-type=\"container\">\n\t\t\t\t<div class=\"elementor-element elementor-element-26cd520 animated-slow elementor-invisible elementor-widget elementor-widget-heading\" data-id=\"26cd520\" data-element_type=\"widget\" data-e-type=\"widget\" data-settings=\"{&quot;_animation&quot;:&quot;fadeIn&quot;}\" data-widget_type=\"heading.default\">\n\t\t\t\t<div class=\"elementor-widget-container\">\n\t\t\t\t\t<h3 class=\"elementor-heading-title elementor-size-default\">3. Geistiges Eigentum<\/h3>\t\t\t\t<\/div>\n\t\t\t\t<\/div>\n\t\t\t\t<div class=\"elementor-element elementor-element-427654a animated-slow elementor-widget-tablet__width-initial elementor-invisible elementor-widget elementor-widget-text-editor\" data-id=\"427654a\" data-element_type=\"widget\" data-e-type=\"widget\" data-settings=\"{&quot;_animation&quot;:&quot;fadeIn&quot;}\" data-widget_type=\"text-editor.default\">\n\t\t\t\t<div class=\"elementor-widget-container\">\n\t\t\t\t\t\t\t\t\t3.1 Urheberrecht: Alle Urheberrechte, Marken und sonstigen Rechte an geistigem Eigentum in Bezug auf unsere Dienste und Plattform sind Eigentum von Munic SA oder deren Lizenzgebern. Sie sind nicht berechtigt, unsere Rechte an geistigem Eigentum ohne unsere ausdr\u00fcckliche schriftliche Zustimmung zu nutzen. \t\t\t\t\t\t\t\t<\/div>\n\t\t\t\t<\/div>\n\t\t\t\t<\/div>\n\t\t<div class=\"elementor-element elementor-element-657cb94 e-con-full e-flex e-con e-child\" data-id=\"657cb94\" data-element_type=\"container\" data-e-type=\"container\">\n\t\t\t\t<div class=\"elementor-element elementor-element-e95c674 animated-slow elementor-invisible elementor-widget elementor-widget-heading\" data-id=\"e95c674\" data-element_type=\"widget\" data-e-type=\"widget\" data-settings=\"{&quot;_animation&quot;:&quot;fadeIn&quot;}\" data-widget_type=\"heading.default\">\n\t\t\t\t<div class=\"elementor-widget-container\">\n\t\t\t\t\t<h3 class=\"elementor-heading-title elementor-size-default\">4. Haftungsbeschr\u00e4nkung<\/h3>\t\t\t\t<\/div>\n\t\t\t\t<\/div>\n\t\t\t\t<div class=\"elementor-element elementor-element-84d6c61 animated-slow elementor-widget-tablet__width-initial elementor-invisible elementor-widget elementor-widget-text-editor\" data-id=\"84d6c61\" data-element_type=\"widget\" data-e-type=\"widget\" data-settings=\"{&quot;_animation&quot;:&quot;fadeIn&quot;}\" data-widget_type=\"text-editor.default\">\n\t\t\t\t<div class=\"elementor-widget-container\">\n\t\t\t\t\t\t\t\t\t<p><strong>4.1 Haftungsausschluss:<\/strong> Unsere Dienste werden \u201ewie besehen\u201c und \u201ewie verf\u00fcgbar\u201c bereitgestellt. Wir garantieren nicht, dass unsere Dienste ununterbrochen oder fehlerfrei sind, noch dass sie Ihre spezifischen Bed\u00fcrfnisse oder Erwartungen erf\u00fcllen. <\/p><p> <\/p><p><strong>4.2 Haftungsbeschr\u00e4nkung:<\/strong> Soweit nach geltendem Recht zul\u00e4ssig, haftet Munic SA nicht f\u00fcr direkte, indirekte, besondere, Folge- oder zuf\u00e4llige Sch\u00e4den oder f\u00fcr entgangenen Gewinn, die sich aus der Nutzung unserer Dienste oder Plattform ergeben.<\/p>\t\t\t\t\t\t\t\t<\/div>\n\t\t\t\t<\/div>\n\t\t\t\t<\/div>\n\t\t<div class=\"elementor-element elementor-element-db87f4b e-con-full e-flex e-con e-child\" data-id=\"db87f4b\" data-element_type=\"container\" data-e-type=\"container\">\n\t\t\t\t<div class=\"elementor-element elementor-element-0e0999e animated-slow elementor-invisible elementor-widget elementor-widget-heading\" data-id=\"0e0999e\" data-element_type=\"widget\" data-e-type=\"widget\" data-settings=\"{&quot;_animation&quot;:&quot;fadeIn&quot;}\" data-widget_type=\"heading.default\">\n\t\t\t\t<div class=\"elementor-widget-container\">\n\t\t\t\t\t<h3 class=\"elementor-heading-title elementor-size-default\">5. \u00c4nderungen der AGB<\/h3>\t\t\t\t<\/div>\n\t\t\t\t<\/div>\n\t\t\t\t<div class=\"elementor-element elementor-element-532d350 animated-slow elementor-widget-tablet__width-initial elementor-invisible elementor-widget elementor-widget-text-editor\" data-id=\"532d350\" data-element_type=\"widget\" data-e-type=\"widget\" data-settings=\"{&quot;_animation&quot;:&quot;fadeIn&quot;}\" data-widget_type=\"text-editor.default\">\n\t\t\t\t<div class=\"elementor-widget-container\">\n\t\t\t\t\t\t\t\t\t<strong>5.1 Modifikationen:<\/strong> Wir behalten uns das Recht vor, diese AGB jederzeit und ohne vorherige Ank\u00fcndigung zu \u00e4ndern. \u00c4nderungen treten sofort nach der Ver\u00f6ffentlichung auf unserer Plattform in Kraft. Wir empfehlen Ihnen, diese AGB regelm\u00e4\u00dfig zu \u00fcberpr\u00fcfen, um \u00fcber Aktualisierungen informiert zu bleiben.  \t\t\t\t\t\t\t\t<\/div>\n\t\t\t\t<\/div>\n\t\t\t\t<\/div>\n\t\t<div class=\"elementor-element elementor-element-55d74f4 e-con-full e-flex e-con e-child\" data-id=\"55d74f4\" data-element_type=\"container\" data-e-type=\"container\">\n\t\t\t\t<div class=\"elementor-element elementor-element-30b5bb5 animated-slow elementor-invisible elementor-widget elementor-widget-heading\" data-id=\"30b5bb5\" data-element_type=\"widget\" data-e-type=\"widget\" data-settings=\"{&quot;_animation&quot;:&quot;fadeIn&quot;}\" data-widget_type=\"heading.default\">\n\t\t\t\t<div class=\"elementor-widget-container\">\n\t\t\t\t\t<h3 class=\"elementor-heading-title elementor-size-default\">6. K\u00fcndigung<\/h3>\t\t\t\t<\/div>\n\t\t\t\t<\/div>\n\t\t\t\t<div class=\"elementor-element elementor-element-a9d1459 animated-slow elementor-widget-tablet__width-initial elementor-invisible elementor-widget elementor-widget-text-editor\" data-id=\"a9d1459\" data-element_type=\"widget\" data-e-type=\"widget\" data-settings=\"{&quot;_animation&quot;:&quot;fadeIn&quot;}\" data-widget_type=\"text-editor.default\">\n\t\t\t\t<div class=\"elementor-widget-container\">\n\t\t\t\t\t\t\t\t\t<strong>6.1 K\u00fcndigung:<\/strong> Wir k\u00f6nnen nach eigenem Ermessen Ihren Zugang zu unseren Diensten k\u00fcndigen, wenn Sie gegen diese AGB versto\u00dfen oder aus einem anderen Grund. Sie k\u00f6nnen Ihr Konto jederzeit k\u00fcndigen, indem Sie den in unseren Diensten bereitgestellten Anweisungen folgen. \t\t\t\t\t\t\t\t<\/div>\n\t\t\t\t<\/div>\n\t\t\t\t<\/div>\n\t\t<div class=\"elementor-element elementor-element-b100ea6 e-con-full e-flex e-con e-child\" data-id=\"b100ea6\" data-element_type=\"container\" data-e-type=\"container\">\n\t\t\t\t<div class=\"elementor-element elementor-element-f77cb50 animated-slow elementor-invisible elementor-widget elementor-widget-heading\" data-id=\"f77cb50\" data-element_type=\"widget\" data-e-type=\"widget\" data-settings=\"{&quot;_animation&quot;:&quot;fadeIn&quot;}\" data-widget_type=\"heading.default\">\n\t\t\t\t<div class=\"elementor-widget-container\">\n\t\t\t\t\t<h3 class=\"elementor-heading-title elementor-size-default\">7. Anwendbares Recht und Gerichtsstand<\/h3>\t\t\t\t<\/div>\n\t\t\t\t<\/div>\n\t\t\t\t<div class=\"elementor-element elementor-element-cb9f491 animated-slow elementor-widget-tablet__width-initial elementor-invisible elementor-widget elementor-widget-text-editor\" data-id=\"cb9f491\" data-element_type=\"widget\" data-e-type=\"widget\" data-settings=\"{&quot;_animation&quot;:&quot;fadeIn&quot;}\" data-widget_type=\"text-editor.default\">\n\t\t\t\t<div class=\"elementor-widget-container\">\n\t\t\t\t\t\t\t\t\t<strong>7.1 Anwendbares Recht:<\/strong> Diese AGB unterliegen den Gesetzen des Rechtssystems, in dem Munic SA seinen Hauptgesch\u00e4ftssitz hat, und sind entsprechend auszulegen.\t\t\t\t\t\t\t\t<\/div>\n\t\t\t\t<\/div>\n\t\t\t\t<\/div>\n\t\t<div class=\"elementor-element elementor-element-35f7a97 e-con-full e-flex e-con e-child\" data-id=\"35f7a97\" data-element_type=\"container\" data-e-type=\"container\">\n\t\t\t\t<div class=\"elementor-element elementor-element-03ebf81 animated-slow elementor-invisible elementor-widget elementor-widget-heading\" data-id=\"03ebf81\" data-element_type=\"widget\" data-e-type=\"widget\" data-settings=\"{&quot;_animation&quot;:&quot;fadeIn&quot;}\" data-widget_type=\"heading.default\">\n\t\t\t\t<div class=\"elementor-widget-container\">\n\t\t\t\t\t<h3 class=\"elementor-heading-title elementor-size-default\">8. Kontakt<\/h3>\t\t\t\t<\/div>\n\t\t\t\t<\/div>\n\t\t\t\t<div class=\"elementor-element elementor-element-5dee5ad animated-slow elementor-widget-tablet__width-initial elementor-invisible elementor-widget elementor-widget-text-editor\" data-id=\"5dee5ad\" data-element_type=\"widget\" data-e-type=\"widget\" data-settings=\"{&quot;_animation&quot;:&quot;fadeIn&quot;}\" data-widget_type=\"text-editor.default\">\n\t\t\t\t<div class=\"elementor-widget-container\">\n\t\t\t\t\t\t\t\t\t<strong>8.1 Kontakt:<\/strong> Wenn Sie Fragen oder Anmerkungen zu diesen AGB haben, kontaktieren Sie uns bitte unter [Kontakt].\t\t\t\t\t\t\t\t<\/div>\n\t\t\t\t<\/div>\n\t\t\t\t<\/div>\n\t\t<div class=\"elementor-element elementor-element-84d3188 e-con-full e-flex e-con e-child\" data-id=\"84d3188\" data-element_type=\"container\" data-e-type=\"container\">\n\t\t\t\t<div class=\"elementor-element elementor-element-88166e4 animated-slow elementor-widget-tablet__width-initial elementor-invisible elementor-widget elementor-widget-text-editor\" data-id=\"88166e4\" data-element_type=\"widget\" data-e-type=\"widget\" data-settings=\"{&quot;_animation&quot;:&quot;fadeIn&quot;}\" data-widget_type=\"text-editor.default\">\n\t\t\t\t<div class=\"elementor-widget-container\">\n\t\t\t\t\t\t\t\t\t<p>Vielen Dank, dass Sie sich f\u00fcr Ekkofleet entschieden haben. Wir hoffen, dass Sie unsere Dienste und Plattform genie\u00dfen. <\/p><p>G\u00fcltig ab: 12.09.23<\/p>\t\t\t\t\t\t\t\t<\/div>\n\t\t\t\t<\/div>\n\t\t\t\t<\/div>\n\t\t\t\t\t<\/div>\n\t\t\t\t<\/div>\n\t\t\t\t<\/div>\n\t\t","protected":false},"excerpt":{"rendered":"<p>https:\/\/ekkofleet.com\/wp-content\/uploads\/terms-and-conditions-deskop.mp4https:\/\/ekkofleet.com\/wp-content\/uploads\/terms-and-conditions-deskop.mp4 Allgemeine Gesch\u00e4ftsbedingungen f\u00fcr Ekkofleet Bitte lesen Sie diese Nutzungsbedingungen (\u201eBedingungen\u201c) sorgf\u00e4ltig durch, bevor Sie die von Ekkofleet bereitgestellten Dienste nutzen und auf unsere fahrzeugdefinierte Softwareplattform zugreifen. Diese Bedingungen stellen eine rechtliche Vereinbarung zwischen Ihnen (\u201eNutzer\u201c oder \u201eSie\u201c) und Munic SA dar und regeln Ihre Nutzung unserer Dienste und Plattform. Durch den Zugriff auf oder [&hellip;]<\/p>\n","protected":false},"author":7,"featured_media":0,"parent":0,"menu_order":0,"comment_status":"closed","ping_status":"closed","template":"","meta":{"_acf_changed":false,"footnotes":""},"class_list":["post-6536","page","type-page","status-publish","hentry"],"acf":[],"_links":{"self":[{"href":"https:\/\/ekkofleet.com\/de\/wp-json\/wp\/v2\/pages\/6536","targetHints":{"allow":["GET"]}}],"collection":[{"href":"https:\/\/ekkofleet.com\/de\/wp-json\/wp\/v2\/pages"}],"about":[{"href":"https:\/\/ekkofleet.com\/de\/wp-json\/wp\/v2\/types\/page"}],"author":[{"embeddable":true,"href":"https:\/\/ekkofleet.com\/de\/wp-json\/wp\/v2\/users\/7"}],"replies":[{"embeddable":true,"href":"https:\/\/ekkofleet.com\/de\/wp-json\/wp\/v2\/comments?post=6536"}],"version-history":[{"count":1,"href":"https:\/\/ekkofleet.com\/de\/wp-json\/wp\/v2\/pages\/6536\/revisions"}],"predecessor-version":[{"id":6540,"href":"https:\/\/ekkofleet.com\/de\/wp-json\/wp\/v2\/pages\/6536\/revisions\/6540"}],"wp:attachment":[{"href":"https:\/\/ekkofleet.com\/de\/wp-json\/wp\/v2\/media?parent=6536"}],"curies":[{"name":"wp","href":"https:\/\/api.w.org\/{rel}","templated":true}]}}